{"id":574,"date":"2021-07-27T13:25:56","date_gmt":"2021-07-27T11:25:56","guid":{"rendered":"https:\/\/historisches-kolleg.staging.dm-intern.de\/?page_id=574"},"modified":"2022-11-28T16:48:33","modified_gmt":"2022-11-28T15:48:33","slug":"satzung","status":"publish","type":"page","link":"https:\/\/www.historischeskolleg.de\/en\/satzung\/","title":{"rendered":"Satzung"},"content":{"rendered":"\t\t<div data-elementor-type=\"wp-page\" data-elementor-id=\"574\" class=\"elementor elementor-574\" data-elementor-post-type=\"page\">\n\t\t\t\t\t\t<section class=\"elementor-section elementor-top-section elementor-element elementor-element-612f371 elementor-section-full_width elementor-section-stretched elementor-section-height-default elementor-section-height-default\" data-id=\"612f371\" data-element_type=\"section\" data-e-type=\"section\" data-settings=\"{&quot;stretch_section&quot;:&quot;section-stretched&quot;}\">\n\t\t\t\t\t\t<div class=\"elementor-container elementor-column-gap-default\">\n\t\t\t\t\t<div class=\"elementor-column elementor-col-100 elementor-top-column elementor-element elementor-element-8740cb0\" data-id=\"8740cb0\" data-element_type=\"column\" data-e-type=\"column\">\n\t\t\t<div class=\"elementor-widget-wrap elementor-element-populated\">\n\t\t\t\t\t\t<div class=\"elementor-element elementor-element-24441f8 elementor--h-position-center elementor--v-position-middle elementor-widget elementor-widget-slides\" data-id=\"24441f8\" data-element_type=\"widget\" data-e-type=\"widget\" data-settings=\"{&quot;navigation&quot;:&quot;none&quot;,&quot;autoplay_speed&quot;:4500,&quot;transition&quot;:&quot;fade&quot;,&quot;transition_speed&quot;:1500,&quot;autoplay&quot;:&quot;yes&quot;,&quot;infinite&quot;:&quot;yes&quot;}\" data-widget_type=\"slides.default\">\n\t\t\t\t<div class=\"elementor-widget-container\">\n\t\t\t\t\t\t\t\t\t<div class=\"elementor-swiper\">\n\t\t\t\t\t<div class=\"elementor-slides-wrapper elementor-main-swiper swiper\" role=\"region\" aria-roledescription=\"carousel\" aria-label=\"Slider\" dir=\"ltr\" data-animation=\"\">\n\t\t\t\t<div class=\"swiper-wrapper elementor-slides\">\n\t\t\t\t\t\t\t\t\t\t<div class=\"elementor-repeater-item-1a5d1fd swiper-slide\" role=\"group\" aria-roledescription=\"slide\"><div class=\"swiper-slide-bg elementor-ken-burns elementor-ken-burns--in\" role=\"img\" aria-label=\"000007-min\"><\/div><div class=\"elementor-background-overlay\"><\/div><div class=\"swiper-slide-inner\" ><div class=\"swiper-slide-contents\"><div class=\"elementor-slide-heading\">Satzung des Freundeskreises<\/div><\/div><\/div><\/div>\t\t\t\t<\/div>\n\t\t\t\t\t\t\t<\/div>\n\t\t\t\t<\/div>\n\t\t\t\t\t\t\t\t<\/div>\n\t\t\t\t<\/div>\n\t\t\t\t\t<\/div>\n\t\t<\/div>\n\t\t\t\t\t<\/div>\n\t\t<\/section>\n\t\t\t\t<section class=\"elementor-section elementor-top-section elementor-element elementor-element-e52e43e elementor-section-stretched elementor-section-boxed elementor-section-height-default elementor-section-height-default\" data-id=\"e52e43e\" data-element_type=\"section\" data-e-type=\"section\" data-settings=\"{&quot;stretch_section&quot;:&quot;section-stretched&quot;,&quot;background_background&quot;:&quot;classic&quot;}\">\n\t\t\t\t\t\t\t<div class=\"elementor-background-overlay\"><\/div>\n\t\t\t\t\t\t\t<div class=\"elementor-container elementor-column-gap-default\">\n\t\t\t\t\t<div class=\"elementor-column elementor-col-100 elementor-top-column elementor-element elementor-element-e4b2a37\" data-id=\"e4b2a37\" data-element_type=\"column\" data-e-type=\"column\">\n\t\t\t<div class=\"elementor-widget-wrap elementor-element-populated\">\n\t\t\t\t\t\t<div class=\"elementor-element elementor-element-03afec0 elementor-widget elementor-widget-heading\" data-id=\"03afec0\" data-element_type=\"widget\" data-e-type=\"widget\" data-widget_type=\"heading.default\">\n\t\t\t\t<div class=\"elementor-widget-container\">\n\t\t\t\t\t<h2 class=\"elementor-heading-title elementor-size-default\">Satzung des Freundeskreises des Historischen Kollegs<\/h2>\t\t\t\t<\/div>\n\t\t\t\t<\/div>\n\t\t\t\t<div class=\"elementor-element elementor-element-af9b7c9 elementor-widget-divider--view-line elementor-widget elementor-widget-divider\" data-id=\"af9b7c9\" data-element_type=\"widget\" data-e-type=\"widget\" data-widget_type=\"divider.default\">\n\t\t\t\t<div class=\"elementor-widget-container\">\n\t\t\t\t\t\t\t<div class=\"elementor-divider\">\n\t\t\t<span class=\"elementor-divider-separator\">\n\t\t\t\t\t\t<\/span>\n\t\t<\/div>\n\t\t\t\t\t\t<\/div>\n\t\t\t\t<\/div>\n\t\t\t\t<div class=\"elementor-element elementor-element-f01b347 elementor-widget elementor-widget-spacer\" data-id=\"f01b347\" data-element_type=\"widget\" data-e-type=\"widget\" data-widget_type=\"spacer.default\">\n\t\t\t\t<div class=\"elementor-widget-container\">\n\t\t\t\t\t\t\t<div class=\"elementor-spacer\">\n\t\t\t<div class=\"elementor-spacer-inner\"><\/div>\n\t\t<\/div>\n\t\t\t\t\t\t<\/div>\n\t\t\t\t<\/div>\n\t\t\t\t<div class=\"elementor-element elementor-element-ae294c0 elementor-widget elementor-widget-text-editor\" data-id=\"ae294c0\" data-element_type=\"widget\" data-e-type=\"widget\" data-widget_type=\"text-editor.default\">\n\t\t\t\t<div class=\"elementor-widget-container\">\n\t\t\t\t\t\t\t\t\t<p class=\"pageheadline\"><strong><span style=\"font-size: 16px;\">\u00a7 1 Name und Sitz<\/span><\/strong><\/p><div id=\"c224\" class=\"frame frame-default frame-type-text frame-layout-0\"><ol><li>Der Verein f\u00fchrt den Namen Freundeskreis des Historischen Kollegs e.\u00a0V.<\/li><li>Der Verein hat seinen Sitz in M\u00fcnchen.<\/li><li>Er ist in das Vereinsregister beim Amtsgericht M\u00fcnchen eingetragen.<\/li><\/ol><p class=\"align-center\"><strong>\u00a7 2 Zweck<\/strong><\/p><ol><li>Der Freundeskreis des Historischen Kollegs e.\u00a0V. verfolgt ausschlie\u00dflich und unmittelbar gemeinn\u00fctzige Zwecke im Sinne des Abschnittes \u201eSteuerbeg\u00fcnstigte Zwecke\u201c der Abgabenordnung.<\/li><li>Zweck des Freundeskreises ist die F\u00f6rderung von Wissenschaft und Forschung, n\u00e4mlich die F\u00f6rderung des Historischen Kollegs als wissenschaftliche Einrichtung im Sinne eines \u201eInstitute for Advanced Study\u201c.<\/li><li>Der Satzungszweck wird verwirklicht insbesondere durch<br \/><ol type=\"a\"><li>die Beschaffung und Weiterleitung von Mitteln an die \u201eStiftung zur F\u00f6rderung der Historischen Kommission bei der Bayerischen Akademie der Wissenschaften und des Historischen Kollegs\u201c zweckgebunden zugunsten des Historischen Kollegs,<\/li><li>die F\u00f6rderung der Geschichtswissenschaft, des historischen Interesses und des Geschichtsbewu\u00dftseins \u00fcber die Unterst\u00fctzung der Aktivit\u00e4ten des Historischen Kollegs.<\/li><\/ol><\/li><li>Der Freundeskreis erf\u00fcllt diese Aufgaben durch die Bereitstellung von Mitteln in zweckgebundener Form f\u00fcr<br \/><ol type=\"a\"><li>die Vergabe des \u201ePreises des Historischen Kollegs\u201c,<\/li><li>sonstige Vorhaben des Historischen Kollegs (z.\u00a0B. Stipendien, Veranstaltungen, Ver\u00f6ffentlichungen),<\/li><li>die \u00d6ffentlichkeitsarbeit des Historischen Kollegs,<\/li><li>die Ausstattung des Historischen Kollegs und der Kaulbach-Villa als Kolleghaus gem\u00e4\u00df den satzungsm\u00e4\u00dfigen Zwecken.<\/li><\/ol><\/li><li>Die f\u00fcr den Vereinszweck erforderlichen Mittel werden aufgebracht durch Beitr\u00e4ge, Geld- und Sachzuwendungen sowie Ertr\u00e4gnisse des Vereinsverm\u00f6gens.<\/li><\/ol><p class=\"align-center\"><strong>\u00a7 3 Gemeinn\u00fctzigkeit<\/strong><\/p><ol><li>Der Verein ist selbstlos t\u00e4tig; er verfolgt nicht in erster Linie eigenwirtschaftliche Zwecke.<\/li><li>Mittel des Vereins d\u00fcrfen nur f\u00fcr die satzungsm\u00e4\u00dfigen Zwecke verwendet werden. Die Mitglieder erhalten keine Zuwendungen aus Mitteln des Vereins.<\/li><li>Es darf keine Person durch Ausgaben, die dem Zwecke der K\u00f6rperschaft fremd sind, oder durch unverh\u00e4ltnism\u00e4\u00dfig hohe Verg\u00fctungen beg\u00fcnstigt werden.<\/li><\/ol><p class=\"align-center\"><strong>\u00a7 4 Gesch\u00e4ftsjahr<\/strong><\/p><p>Das Gesch\u00e4ftsjahr ist das Kalenderjahr.<\/p><p class=\"align-center\"><strong>\u00a7 5 Mitgliedschaft<\/strong><\/p><ol><li>Mitglieder des Freundeskreises k\u00f6nnen nat\u00fcrliche und juristische Personen sowie Personenvereinigungen jeder Art werden.<\/li><li>Die Mitgliedschaft des Freundeskreises wird durch schriftliche Beitrittserkl\u00e4rung gegen\u00fcber dem Vorstand und deren schriftliche Best\u00e4tigung durch den Vorstand erworben.<\/li><li>Die Mitgliedschaft verpflichtet zur Entrichtung der satzungsgem\u00e4\u00dfen Mitgliedsbeitr\u00e4ge.<\/li><li>Um den Freundeskreis und das Historische Kolleg besonders verdiente Pers\u00f6nlichkeiten k\u00f6nnen durch Beschlu\u00df des Vorstands nach Anh\u00f6rung des Kuratoriums zu Ehrenmitgliedern ernannt werden.<\/li><li>Die Mitgliedschaft erlischt<br \/><ol type=\"a\"><li>bei nat\u00fcrlichen Personen durch Tod, bei juristischen Personen und Personenvereinigungen durch Liquidation oder Er\u00f6ffnung des Insolvenzverfahrens,<\/li><li>durch schriftliche Austrittserkl\u00e4rung gegen\u00fcber dem Vorstand zum Ende eines Kalenderjahres und unter Einhaltung einer Frist von drei Monaten, die vom Vorstand in besonderen F\u00e4llen verk\u00fcrzt werden kann,<\/li><li>durch Ausschlu\u00df aufgrund eines Beschlusses des Vorstands, wenn das Mitglied gr\u00f6blich gegen die Satzung oder den Geist des Freundeskreises versto\u00dfen hat.<\/li><\/ol><\/li><\/ol><p class=\"align-center\"><strong>\u00a7 6 Mitgliedsbeitr\u00e4ge<\/strong><\/p><ol><li>Die H\u00f6he der j\u00e4hrlichen Mitgliedsbeitr\u00e4ge wird von der Mitgliederversammlung festgesetzt.<\/li><li>Zur Zeit gelten folgende Mitgliedsbeitr\u00e4ge:<br \/><ol type=\"a\"><li>nat\u00fcrliche Personen: Euro 50,\u2212<\/li><li>juristische Personen Euro 250,\u2212<\/li><li>Ehrenmitglieder sind von der Beitragszahlung befreit.<\/li><li>Der Beitrag ist allj\u00e4hrlich in den ersten zwei Monaten des Gesch\u00e4ftsjahres zu entrichten, f\u00fcr neu aufgenommene Mitglieder einen Monat nach der Aufnahme in den Freundeskreis und zwar unabh\u00e4ngig vom Zeitpunkt der Aufnahme als voller Jahresbeitrag des jeweiligen Gesch\u00e4ftsjahres.<\/li><\/ol><\/li><li>\u00dcber den Regelbeitrag hinaus haben die Mitglieder die M\u00f6glichkeit und sind gebeten, dem Freundeskreis Spenden zuzuwenden.<\/li><\/ol><p class=\"align-center\"><strong>\u00a7 7 Mitgliederrechte<\/strong><\/p><p>Den Mitgliedern des Freundeskreises werden folgende Verg\u00fcnstigungen gew\u00e4hrt:<\/p><ol><li>Einladung zu den Veranstaltungen des Historischen Kollegs und des Freundeskreises.<\/li><li>Kostenloser Bezug des \u201eJahrbuchs des Historischen Kollegs\u201c und verg\u00fcnstigter Bezug der \u00fcbrigen Schriften des Historischen Kollegs.<\/li><\/ol><p class=\"align-center\"><strong>\u00a7 8 Organe<\/strong><\/p><p>Organe des Freundeskreises sind<\/p><ol type=\"a\"><li>die Mitgliederversammlung,<\/li><li>der Vorstand,<\/li><li>das Kuratorium.<\/li><\/ol><p class=\"align-center\"><strong>\u00a7 9 Mitgliederversammlung<\/strong><\/p><ol><li>Die Mitgliederversammlung besteht aus den Mitgliedern des Vereins. \u00dcber die Teilnahme weiterer Personen an der Mitgliederversammlung beschlie\u00dft der Vorstand.<\/li><li>Eine ordentliche Mitgliederversammlung findet j\u00e4hrlich statt.<\/li><li>Eine au\u00dferordentliche Mitgliederversammlung ist einzuberufen, wenn das Kuratorium, der Vorstand oder mindestens ein Zehntel der Mitglieder dies schriftlich verlangen.<\/li><li>Die Einladung zu den Mitgliederversammlungen erfolgt schriftlich unter Mitteilung der Tagesordnung mindestens vierzehn Tage vor dem Tag der Versammlung; der Tag der Einberufung und der Tag der Versammlung sind hierbei nicht mitzurechnen.<\/li><li>Den Vorsitz in der Mitgliederversammlung f\u00fchrt der Vorsitzende des Vorstands, im Falle der Verhinderung ein anderes Vorstandsmitglied.<\/li><li>In der Mitgliederversammlung hat jedes Mitglied eine Stimme.<\/li><li>Die Mitgliederversammlung ist ohne R\u00fccksicht auf die Zahl der anwesenden Mitglieder beschlu\u00dff\u00e4hig.<\/li><li>Sie entscheidet mit einfacher Mehrheit der erschienenen stimmberechtigten Mitglieder. Bei Stimmengleichheit entscheidet die Stimme des Vorsitzenden der Mitgliederversammlung.<\/li><li>Beschl\u00fcsse \u00fcber eine \u00c4nderung der Satzung, \u00fcber den Widerruf der Bestellung eines Vorstandsmitglieds sowie \u00fcber die Aufl\u00f6sung des Vereins bed\u00fcrfen einer Mehrheit von drei Viertel der erschienenen Mitglieder.<\/li><li>Der ordentlichen Mitgliederversammlung obliegt neben den sonst im Gesetz und in der Satzung genannten Aufgaben<br \/><ol type=\"a\"><li>die Wahl des Vorstands,<\/li><li>die Entgegennahme und Billigung des Jahresberichts des Vorstands und der Jahresrechnung sowie die Entgegennahme und Billigung des Berichts der Rechnungspr\u00fcfer zur Jahresrechnung,<\/li><li>die Entlastung des Vorstands,<\/li><li>die Wahl von zwei Rechnungspr\u00fcfern, die nicht dem Vorstand angeh\u00f6ren d\u00fcrfen,<\/li><li>die Beschlu\u00dffassung \u00fcber satzungsgem\u00e4\u00dfe Aufgaben und die anstehenden Tagesordnungspunkte.<\/li><\/ol><\/li><li>Antr\u00e4ge zur Tagesordnung sind sp\u00e4testens eine Woche vor dem Tag der Mitgliederversammlung beim Vorstand schriftlich einzureichen.<\/li><li>\u00dcber die Beschl\u00fcsse der Mitgliederversammlung ist eine Niederschrift zu fertigen, die vom Vorsitzenden der Mitgliederversammlung und dem Gesch\u00e4ftsf\u00fchrer zu unterzeichnen ist.<\/li><\/ol><p class=\"align-center\"><strong>\u00a7 10 Vorstand<\/strong><\/p><ol><li>Der Vorstand ist ehrenamtlich t\u00e4tig.<\/li><li>Er besteht aus<br \/><ol type=\"a\"><li>dem Vorsitzenden,<\/li><li>dem stellvertretenden Vorsitzenden,<\/li><li>dem Schatzmeister,<\/li><li>dem Gesch\u00e4ftsf\u00fchrer.<\/li><\/ol><\/li><li>Der stellvertretende Vorsitzende hat in allen F\u00e4llen, in denen er in Stellvertretung des Vorsitzenden handelt, die gleichen Rechte wie der Vorsitzende.<\/li><li>Die Wahl des Vorstands erfolgt auf drei Jahre, Wiederwahl ist zul\u00e4ssig. Der Gr\u00fcndungsvorstand amtiert nur f\u00fcr das erste Gesch\u00e4ftsjahr. Die Amtszeit des Vorstands endet mit dem Tag der Mitgliederversammlung, in der der neue Vorstand gew\u00e4hlt wird.<\/li><li>Bei dem Ausscheiden eines Vorstandsmitglieds im Laufe einer Wahlperiode erg\u00e4nzt sich der Vorstand selbst durch Zuwahl. Das zugew\u00e4hlte Mitglied bedarf der Best\u00e4tigung der n\u00e4chsten ordentlichen Mitgliederversammlung. Die Ersatzwahl erfolgt f\u00fcr den Rest der Amtszeit des ausgeschiedenen Mitglieds.<\/li><li>Zwei Mitglieder des Vorstands, darunter der Vorsitzende oder der stellvertretende Vorsitzende, vertreten den Verein gerichtlich oder au\u00dfergerichtlich.<\/li><li>Der Vorstand ist beschlu\u00dff\u00e4hig, wenn mehr als die H\u00e4lfte der Vorstandsmitglieder anwesend ist.<\/li><li>Bei Beschlu\u00dffassungen entscheidet die Mehrheit der abgegebenen Stimmen. Im Falle der Stimmengleichheit gibt die Stimme des Vorsitzenden den Ausschlag.<\/li><li>Zu den Sitzungen des Vorstands werden die Mitglieder vom Vorsitzenden unter Bekanntgabe der Tagesordnung m\u00fcndlich berufen. \u00dcber die Verhandlungen und Beschl\u00fcsse des Vorstands ist eine Niederschrift anzufertigen, die der Vorsitzende und der Gesch\u00e4ftsf\u00fchrer zu unterzeichnen haben. In dringenden F\u00e4llen ist schriftliche Beschlu\u00dffassung m\u00f6glich.<\/li><li>Der Vorstand entscheidet, soweit die Mitgliederversammlung keine diesbez\u00fcglichen Beschl\u00fcsse fa\u00dft, \u00fcber die satzungsm\u00e4\u00dfige Verwendung der Mittel des Vereins.<\/li><\/ol><p class=\"align-center\"><strong>\u00a7 11 Kuratorium<\/strong><\/p><ol><li>Das Kuratorium besteht aus dem Vorstand des Freundeskreises und aus mindestens sechs, h\u00f6chstens zwanzig, weiteren Mitgliedern, die vom Vorstand auf die Dauer von drei Jahren berufen werden und nicht Mitglieder des Freundeskreises zu sein brauchen. Wiederbestellung ist zul\u00e4ssig.<\/li><li>Im Kuratorium sollen insbesondere vertreten sein<br \/><ol type=\"a\"><li>der Freistaat Bayern,<\/li><li>die privaten Zuwendungsgeber des Historischen Kollegs,<\/li><li>Repr\u00e4sentanten aus Wirtschaft, Wissenschaft und \u00f6ffentlichem Leben.<\/li><\/ol><\/li><li>Der Vorsitzende des Vorstands bzw. sein Vertreter beruft die erste Sitzung des Kuratoriums ein und leitet sie bis zur Wahl des Vorsitzenden des Kuratoriums.<\/li><li>Das Kuratorium steht dem Verein in allen Fragen des Freundeskreises beratend zur Seite. Es ist vor wichtigen, die Entwicklung des Freundeskreises betreffenden Entscheidungen zu h\u00f6ren.<\/li><li>Zu den Sitzungen des Kuratoriums werden die Mitglieder vom Vorsitzenden des Kuratoriums mit einer Frist von vierzehn Tagen einberufen.<\/li><li>Der Vorsitzende des Kuratoriums des Historischen Kollegs kann an den Sitzungen des Kuratoriums des Freundeskreises teilnehmen und zu den jeweiligen Punkten der Tagesordnung Stellung nehmen.<\/li><li>Das Kuratorium ist beschlu\u00dff\u00e4hig, wenn neben einem Vorstandsmitglied mindestens drei weitere Mitglieder anwesend sind. Beschl\u00fcsse werden mit einfacher Stimmenmehrheit der anwesenden Mitglieder gefa\u00dft; bei Stimmengleichheit entscheidet die Stimme des Vorsitzenden der Sitzung. Beschlu\u00dffassungen durch schriftliche Stimmabgabe sind zul\u00e4ssig, wenn kein Mitglied diesem Verfahren unverz\u00fcglich widerspricht.<\/li><\/ol><p class=\"align-center\"><strong>\u00a7 12 Aufl\u00f6sung des Vereins<\/strong><\/p><p>Bei Aufl\u00f6sung oder Aufhebung des Freundeskreises oder bei Wegfall seines bisherigen Zwecks f\u00e4llt sein Verm\u00f6gen an die \u201eStiftung zur F\u00f6rderung der Historischen Kommission bei der Bayerischen Akademie der Wissenschaften und des Historischen Kollegs\u201c mit der Auflage, es ausschlie\u00dflich und unmittelbar im Sinne der Intentionen des Freundeskreises zu verwenden.<\/p><p>M\u00fcnchen, 13. Dezember 1999 \/ 20. November 2000<\/p><\/div>\t\t\t\t\t\t\t\t<\/div>\n\t\t\t\t<\/div>\n\t\t\t\t<div class=\"elementor-element elementor-element-066c00d elementor-widget elementor-widget-text-editor\" data-id=\"066c00d\" data-element_type=\"widget\" data-e-type=\"widget\" data-widget_type=\"text-editor.default\">\n\t\t\t\t<div class=\"elementor-widget-container\">\n\t\t\t\t\t\t\t\t\t<p><small>Die Satzung des Freundeskreises des Historischen Kollegs wurde auf der Mitgliederversammlung am 13. Dezember 1999 beschlossen und am 20. November 2000 ge\u00e4ndert. Der Freundeskreis des Historischen Kollegs ist <\/small><small>unter der Nummer VR 16801 <\/small><small>in das Vereinsregister des Amtsgerichts M\u00fcnchen <\/small><small>eingetragen<\/small><small>.<\/small><\/p>\t\t\t\t\t\t\t\t<\/div>\n\t\t\t\t<\/div>\n\t\t\t\t\t<\/div>\n\t\t<\/div>\n\t\t\t\t\t<\/div>\n\t\t<\/section>\n\t\t\t\t<\/div>\n\t\t","protected":false},"excerpt":{"rendered":"","protected":false},"author":1,"featured_media":0,"parent":0,"menu_order":0,"comment_status":"closed","ping_status":"closed","template":"","meta":{"footnotes":""},"class_list":["post-574","page","type-page","status-publish","hentry"],"acf":[],"yoast_head":"<!-- This site is optimized with the Yoast SEO plugin v27.3 - https:\/\/yoast.com\/product\/yoast-seo-wordpress\/ -->\n<title>Satzung - Historisches Kolleg<\/title>\n<meta name=\"robots\" content=\"index, follow, max-snippet:-1, max-image-preview:large, max-video-preview:-1\" \/>\n<link rel=\"canonical\" href=\"https:\/\/www.historischeskolleg.de\/en\/satzung\/\" \/>\n<meta property=\"og:locale\" content=\"en_US\" \/>\n<meta property=\"og:type\" content=\"article\" \/>\n<meta property=\"og:title\" content=\"Satzung - Historisches Kolleg\" \/>\n<meta property=\"og:url\" content=\"https:\/\/www.historischeskolleg.de\/en\/satzung\/\" \/>\n<meta property=\"og:site_name\" content=\"Historisches Kolleg\" \/>\n<meta property=\"article:modified_time\" content=\"2022-11-28T15:48:33+00:00\" \/>\n<meta name=\"twitter:card\" content=\"summary_large_image\" \/>\n<meta name=\"twitter:label1\" content=\"Est. reading time\" \/>\n\t<meta name=\"twitter:data1\" content=\"8 minutes\" \/>\n<script type=\"application\/ld+json\" class=\"yoast-schema-graph\">{\"@context\":\"https:\\\/\\\/schema.org\",\"@graph\":[{\"@type\":\"WebPage\",\"@id\":\"https:\\\/\\\/www.historischeskolleg.de\\\/en\\\/satzung\\\/\",\"url\":\"https:\\\/\\\/www.historischeskolleg.de\\\/en\\\/satzung\\\/\",\"name\":\"Satzung - Historisches Kolleg\",\"isPartOf\":{\"@id\":\"https:\\\/\\\/www.historischeskolleg.de\\\/en\\\/#website\"},\"datePublished\":\"2021-07-27T11:25:56+00:00\",\"dateModified\":\"2022-11-28T15:48:33+00:00\",\"breadcrumb\":{\"@id\":\"https:\\\/\\\/www.historischeskolleg.de\\\/en\\\/satzung\\\/#breadcrumb\"},\"inLanguage\":\"en-US\",\"potentialAction\":[{\"@type\":\"ReadAction\",\"target\":[\"https:\\\/\\\/www.historischeskolleg.de\\\/en\\\/satzung\\\/\"]}]},{\"@type\":\"BreadcrumbList\",\"@id\":\"https:\\\/\\\/www.historischeskolleg.de\\\/en\\\/satzung\\\/#breadcrumb\",\"itemListElement\":[{\"@type\":\"ListItem\",\"position\":1,\"name\":\"Home\",\"item\":\"https:\\\/\\\/www.historischeskolleg.de\\\/en\\\/\"},{\"@type\":\"ListItem\",\"position\":2,\"name\":\"Satzung\"}]},{\"@type\":\"WebSite\",\"@id\":\"https:\\\/\\\/www.historischeskolleg.de\\\/en\\\/#website\",\"url\":\"https:\\\/\\\/www.historischeskolleg.de\\\/en\\\/\",\"name\":\"Historisches Kolleg\",\"description\":\"Institute for Advanced Study in History\",\"publisher\":{\"@id\":\"https:\\\/\\\/www.historischeskolleg.de\\\/en\\\/#organization\"},\"potentialAction\":[{\"@type\":\"SearchAction\",\"target\":{\"@type\":\"EntryPoint\",\"urlTemplate\":\"https:\\\/\\\/www.historischeskolleg.de\\\/en\\\/?s={search_term_string}\"},\"query-input\":{\"@type\":\"PropertyValueSpecification\",\"valueRequired\":true,\"valueName\":\"search_term_string\"}}],\"inLanguage\":\"en-US\"},{\"@type\":\"Organization\",\"@id\":\"https:\\\/\\\/www.historischeskolleg.de\\\/en\\\/#organization\",\"name\":\"Historisches Kolleg\",\"url\":\"https:\\\/\\\/www.historischeskolleg.de\\\/en\\\/\",\"logo\":{\"@type\":\"ImageObject\",\"inLanguage\":\"en-US\",\"@id\":\"https:\\\/\\\/www.historischeskolleg.de\\\/en\\\/#\\\/schema\\\/logo\\\/image\\\/\",\"url\":\"https:\\\/\\\/www.historischeskolleg.de\\\/app\\\/uploads\\\/2021\\\/07\\\/cropped-HK_Logo_quer_blau_mitZusatz_transparent.png\",\"contentUrl\":\"https:\\\/\\\/www.historischeskolleg.de\\\/app\\\/uploads\\\/2021\\\/07\\\/cropped-HK_Logo_quer_blau_mitZusatz_transparent.png\",\"width\":1300,\"height\":296,\"caption\":\"Historisches Kolleg\"},\"image\":{\"@id\":\"https:\\\/\\\/www.historischeskolleg.de\\\/en\\\/#\\\/schema\\\/logo\\\/image\\\/\"}}]}<\/script>\n<!-- \/ Yoast SEO plugin. -->","yoast_head_json":{"title":"Satzung - Historisches Kolleg","robots":{"index":"index","follow":"follow","max-snippet":"max-snippet:-1","max-image-preview":"max-image-preview:large","max-video-preview":"max-video-preview:-1"},"canonical":"https:\/\/www.historischeskolleg.de\/en\/satzung\/","og_locale":"en_US","og_type":"article","og_title":"Satzung - Historisches Kolleg","og_url":"https:\/\/www.historischeskolleg.de\/en\/satzung\/","og_site_name":"Historisches Kolleg","article_modified_time":"2022-11-28T15:48:33+00:00","twitter_card":"summary_large_image","twitter_misc":{"Est. reading time":"8 minutes"},"schema":{"@context":"https:\/\/schema.org","@graph":[{"@type":"WebPage","@id":"https:\/\/www.historischeskolleg.de\/en\/satzung\/","url":"https:\/\/www.historischeskolleg.de\/en\/satzung\/","name":"Satzung - Historisches Kolleg","isPartOf":{"@id":"https:\/\/www.historischeskolleg.de\/en\/#website"},"datePublished":"2021-07-27T11:25:56+00:00","dateModified":"2022-11-28T15:48:33+00:00","breadcrumb":{"@id":"https:\/\/www.historischeskolleg.de\/en\/satzung\/#breadcrumb"},"inLanguage":"en-US","potentialAction":[{"@type":"ReadAction","target":["https:\/\/www.historischeskolleg.de\/en\/satzung\/"]}]},{"@type":"BreadcrumbList","@id":"https:\/\/www.historischeskolleg.de\/en\/satzung\/#breadcrumb","itemListElement":[{"@type":"ListItem","position":1,"name":"Home","item":"https:\/\/www.historischeskolleg.de\/en\/"},{"@type":"ListItem","position":2,"name":"Satzung"}]},{"@type":"WebSite","@id":"https:\/\/www.historischeskolleg.de\/en\/#website","url":"https:\/\/www.historischeskolleg.de\/en\/","name":"Historisches Kolleg","description":"Institute for Advanced Study in History","publisher":{"@id":"https:\/\/www.historischeskolleg.de\/en\/#organization"},"potentialAction":[{"@type":"SearchAction","target":{"@type":"EntryPoint","urlTemplate":"https:\/\/www.historischeskolleg.de\/en\/?s={search_term_string}"},"query-input":{"@type":"PropertyValueSpecification","valueRequired":true,"valueName":"search_term_string"}}],"inLanguage":"en-US"},{"@type":"Organization","@id":"https:\/\/www.historischeskolleg.de\/en\/#organization","name":"Historisches Kolleg","url":"https:\/\/www.historischeskolleg.de\/en\/","logo":{"@type":"ImageObject","inLanguage":"en-US","@id":"https:\/\/www.historischeskolleg.de\/en\/#\/schema\/logo\/image\/","url":"https:\/\/www.historischeskolleg.de\/app\/uploads\/2021\/07\/cropped-HK_Logo_quer_blau_mitZusatz_transparent.png","contentUrl":"https:\/\/www.historischeskolleg.de\/app\/uploads\/2021\/07\/cropped-HK_Logo_quer_blau_mitZusatz_transparent.png","width":1300,"height":296,"caption":"Historisches Kolleg"},"image":{"@id":"https:\/\/www.historischeskolleg.de\/en\/#\/schema\/logo\/image\/"}}]}},"_links":{"self":[{"href":"https:\/\/www.historischeskolleg.de\/en\/wp-json\/wp\/v2\/pages\/574","targetHints":{"allow":["GET"]}}],"collection":[{"href":"https:\/\/www.historischeskolleg.de\/en\/wp-json\/wp\/v2\/pages"}],"about":[{"href":"https:\/\/www.historischeskolleg.de\/en\/wp-json\/wp\/v2\/types\/page"}],"author":[{"embeddable":true,"href":"https:\/\/www.historischeskolleg.de\/en\/wp-json\/wp\/v2\/users\/1"}],"replies":[{"embeddable":true,"href":"https:\/\/www.historischeskolleg.de\/en\/wp-json\/wp\/v2\/comments?post=574"}],"version-history":[{"count":34,"href":"https:\/\/www.historischeskolleg.de\/en\/wp-json\/wp\/v2\/pages\/574\/revisions"}],"predecessor-version":[{"id":8980,"href":"https:\/\/www.historischeskolleg.de\/en\/wp-json\/wp\/v2\/pages\/574\/revisions\/8980"}],"wp:attachment":[{"href":"https:\/\/www.historischeskolleg.de\/en\/wp-json\/wp\/v2\/media?parent=574"}],"curies":[{"name":"wp","href":"https:\/\/api.w.org\/{rel}","templated":true}]}}