{"id":543,"date":"2021-07-27T13:05:38","date_gmt":"2021-07-27T11:05:38","guid":{"rendered":"https:\/\/historisches-kolleg.staging.dm-intern.de\/?page_id=543"},"modified":"2026-01-28T11:38:31","modified_gmt":"2026-01-28T10:38:31","slug":"kooperationen","status":"publish","type":"page","link":"https:\/\/www.historischeskolleg.de\/en\/kooperationen\/","title":{"rendered":"Kooperationen"},"content":{"rendered":"\t\t<div data-elementor-type=\"wp-page\" data-elementor-id=\"543\" class=\"elementor elementor-543\" data-elementor-post-type=\"page\">\n\t\t\t\t\t\t<section class=\"elementor-section elementor-top-section elementor-element elementor-element-d4be585 elementor-section-full_width elementor-section-stretched elementor-section-height-default elementor-section-height-default\" data-id=\"d4be585\" data-element_type=\"section\" data-e-type=\"section\" data-settings=\"{&quot;stretch_section&quot;:&quot;section-stretched&quot;}\">\n\t\t\t\t\t\t<div class=\"elementor-container elementor-column-gap-default\">\n\t\t\t\t\t<div class=\"elementor-column elementor-col-100 elementor-top-column elementor-element elementor-element-a2d56f1\" data-id=\"a2d56f1\" data-element_type=\"column\" data-e-type=\"column\">\n\t\t\t<div class=\"elementor-widget-wrap elementor-element-populated\">\n\t\t\t\t\t\t<div class=\"elementor-element elementor-element-479de46 elementor--h-position-center elementor--v-position-middle elementor-widget elementor-widget-slides\" data-id=\"479de46\" data-element_type=\"widget\" data-e-type=\"widget\" data-settings=\"{&quot;navigation&quot;:&quot;none&quot;,&quot;autoplay_speed&quot;:4500,&quot;transition&quot;:&quot;fade&quot;,&quot;transition_speed&quot;:1500,&quot;autoplay&quot;:&quot;yes&quot;,&quot;infinite&quot;:&quot;yes&quot;}\" data-widget_type=\"slides.default\">\n\t\t\t\t<div class=\"elementor-widget-container\">\n\t\t\t\t\t\t\t\t\t<div class=\"elementor-swiper\">\n\t\t\t\t\t<div class=\"elementor-slides-wrapper elementor-main-swiper swiper\" role=\"region\" aria-roledescription=\"carousel\" aria-label=\"Slider\" dir=\"ltr\" data-animation=\"\">\n\t\t\t\t<div class=\"swiper-wrapper elementor-slides\">\n\t\t\t\t\t\t\t\t\t\t<div class=\"elementor-repeater-item-1a5d1fd swiper-slide\" role=\"group\" aria-roledescription=\"slide\"><div class=\"swiper-slide-bg elementor-ken-burns elementor-ken-burns--in\" role=\"img\" aria-label=\"6hist 6\"><\/div><div class=\"elementor-background-overlay\"><\/div><div class=\"swiper-slide-inner\" ><div class=\"swiper-slide-contents\"><div class=\"elementor-slide-heading\">Kooperationen<\/div><\/div><\/div><\/div>\t\t\t\t<\/div>\n\t\t\t\t\t\t\t<\/div>\n\t\t\t\t<\/div>\n\t\t\t\t\t\t\t\t<\/div>\n\t\t\t\t<\/div>\n\t\t\t\t\t<\/div>\n\t\t<\/div>\n\t\t\t\t\t<\/div>\n\t\t<\/section>\n\t\t\t\t<section class=\"elementor-section elementor-top-section elementor-element elementor-element-cd7bd94 elementor-section-boxed elementor-section-height-default elementor-section-height-default\" data-id=\"cd7bd94\" data-element_type=\"section\" data-e-type=\"section\">\n\t\t\t\t\t\t<div class=\"elementor-container elementor-column-gap-default\">\n\t\t\t\t\t<div class=\"elementor-column elementor-col-100 elementor-top-column elementor-element elementor-element-62329f2\" data-id=\"62329f2\" data-element_type=\"column\" data-e-type=\"column\">\n\t\t\t<div class=\"elementor-widget-wrap elementor-element-populated\">\n\t\t\t\t\t\t<div class=\"elementor-element elementor-element-6a37f78 elementor-widget elementor-widget-heading\" data-id=\"6a37f78\" data-element_type=\"widget\" data-e-type=\"widget\" data-widget_type=\"heading.default\">\n\t\t\t\t<div class=\"elementor-widget-container\">\n\t\t\t\t\t<h2 class=\"elementor-heading-title elementor-size-default\">Kooperationen des Historischen Kollegs<\/h2>\t\t\t\t<\/div>\n\t\t\t\t<\/div>\n\t\t\t\t<div class=\"elementor-element elementor-element-cec2758 elementor-widget-divider--view-line elementor-widget elementor-widget-divider\" data-id=\"cec2758\" data-element_type=\"widget\" data-e-type=\"widget\" data-widget_type=\"divider.default\">\n\t\t\t\t<div class=\"elementor-widget-container\">\n\t\t\t\t\t\t\t<div class=\"elementor-divider\">\n\t\t\t<span class=\"elementor-divider-separator\">\n\t\t\t\t\t\t<\/span>\n\t\t<\/div>\n\t\t\t\t\t\t<\/div>\n\t\t\t\t<\/div>\n\t\t\t\t\t<\/div>\n\t\t<\/div>\n\t\t\t\t\t<\/div>\n\t\t<\/section>\n\t\t\t\t<section class=\"elementor-section elementor-top-section elementor-element elementor-element-86da42d elementor-section-stretched elementor-section-boxed elementor-section-height-default elementor-section-height-default\" data-id=\"86da42d\" data-element_type=\"section\" data-e-type=\"section\" data-settings=\"{&quot;stretch_section&quot;:&quot;section-stretched&quot;}\">\n\t\t\t\t\t\t<div class=\"elementor-container elementor-column-gap-default\">\n\t\t\t\t\t<div class=\"elementor-column elementor-col-100 elementor-top-column elementor-element elementor-element-2dfc411\" data-id=\"2dfc411\" data-element_type=\"column\" data-e-type=\"column\">\n\t\t\t<div class=\"elementor-widget-wrap elementor-element-populated\">\n\t\t\t\t\t\t<div class=\"elementor-element elementor-element-223e3b1 elementor-widget elementor-widget-text-editor\" data-id=\"223e3b1\" data-element_type=\"widget\" data-e-type=\"widget\" data-widget_type=\"text-editor.default\">\n\t\t\t\t<div class=\"elementor-widget-container\">\n\t\t\t\t\t\t\t\t\t<p>Seit vielen Jahren arbeitet das Historische Kolleg eng mit einer Reihe von Kooperationspartnern zusammen. Langj\u00e4hrige Partner im Bereich der Stipendienf\u00f6rderung sind<\/p>\n<ul>\n<li>die&nbsp;<a class=\"external-link-new-window\" title=\"Homepage der Fritz-Thyssen-Stiftung\" href=\"http:\/\/www.fritz-thyssen-stiftung.de\/\" target=\"_blank\" rel=\"noopener\">Fritz Thyssen Stiftung<\/a>,<\/li>\n<li>die&nbsp;<a class=\"external-link-new-window\" title=\"Homepage der Gerda Henkel Stiftung\" href=\"http:\/\/www.gerda-henkel-stiftung.de\/\" target=\"_blank\" rel=\"noopener\">Gerda Henkel Stiftung<\/a>&nbsp;und<\/li>\n<li>der&nbsp;<a class=\"external-link-new-window\" title=\"Homepage des Stifterverbands f\u00fcr die Deutsche Wirtschaft\" href=\"http:\/\/www.stifterverband.info\/\" target=\"_blank\" rel=\"noopener\">Stifterverband f\u00fcr die Deutsche Wissenschaft<\/a>.<\/li>\n<\/ul>\n<p>Die <a class=\"external-link-new-window\" title=\"Homepage der Alfred und Cl\u00e4re Pott-Stiftung\" href=\"http:\/\/www.pott-stiftung.de\/\" target=\"_blank\" rel=\"noopener\">Alfred und Cl\u00e4re Pott-Stiftung<\/a> stellte in den Jahren 2010, 2013, 2016 und 2019 die Dotierung f\u00fcr den <a class=\"internal-link\" title=\"Historikerpreis\" href=\"https:\/\/www.historischeskolleg.de\/historikerpreis\">Preis des Historischen Kollegs<\/a> zur Verf\u00fcgung.<\/p>\n<p>Weitere regelm\u00e4\u00dfige Stipendienf\u00f6rderer in den vergangenen Jahren waren die C.H.Beck Stiftung und die Ippen Stiftung. Neu hinzugekommen ist 2023\/2024 Matthias Madelung.<\/p>\n<p>Seit dem Kollegjahr 2023\/2024 steht die Bayerische Akademie der Wissenschaften (BAdW) an der Seite des Historischen Kollegs im Bereich der Stipendienf\u00f6rderung.<\/p>\t\t\t\t\t\t\t\t<\/div>\n\t\t\t\t<\/div>\n\t\t\t\t<div class=\"elementor-element elementor-element-99e4fe2 elementor-widget elementor-widget-text-editor\" data-id=\"99e4fe2\" data-element_type=\"widget\" data-e-type=\"widget\" data-widget_type=\"text-editor.default\">\n\t\t\t\t<div class=\"elementor-widget-container\">\n\t\t\t\t\t\t\t\t\t<h4>Bayerische Akademie der Wissenschaften<\/h4><p>Das Historische Kolleg schreibt seit 2023 in enger Kooperation mit der <a href=\"https:\/\/badw.de\/die-akademie.html\" target=\"_blank\" rel=\"noopener\">Bayerische Akademie der Wissenschaften<\/a> (BAdW) das Consolidator Fellowship Global South aus.\u00a0 Die BAdW stiftet seither die Mittel f\u00fcr die Finanzierung des F\u00f6rderstipendiums, das sich speziell an Bewerberinnen und Bewerber des Globalen S\u00fcdens richtet.<\/p>\t\t\t\t\t\t\t\t<\/div>\n\t\t\t\t<\/div>\n\t\t\t\t<div class=\"elementor-element elementor-element-b744bf8 elementor-widget elementor-widget-text-editor\" data-id=\"b744bf8\" data-element_type=\"widget\" data-e-type=\"widget\" data-widget_type=\"text-editor.default\">\n\t\t\t\t<div class=\"elementor-widget-container\">\n\t\t\t\t\t\t\t\t\t<h4>Historisches Seminar der Ludwigs-Maximilians-Universit\u00e4t M\u00fcnchen<\/h4><p>Seit dem Jahr 2011 besteht eine enge Kooperation zwischen dem Kolleg und dem\u00a0<a class=\"external-link-new-window\" title=\"Homepage des Historischen Seminars der LMU\" href=\"http:\/\/www.geschichte.uni-muenchen.de\/index.html\" target=\"_blank\" rel=\"noopener\">Historischen Seminar der LMU<\/a>. Das Historische Seminar stellt seitdem regelm\u00e4\u00dfig in jedem Kollegjahr Mittel f\u00fcr die Finanzierung eines halben F\u00f6rderstipendiums des Historischen Kollegs zur Verf\u00fcgung (die andere H\u00e4lfte der Mittel kommt regelm\u00e4\u00dfig vom <a href=\"https:\/\/www.historischeskolleg.de\/freundeskreis\/\">Freundeskreis des Historischen Kollegs<\/a>). Im Gegenzug kann das Historische Seminar die Veranstaltungsr\u00e4ume des Historischen Kollegs in der Kaulbach-Villa f\u00fcr herausgehobene Veranstaltungen (Workshops, Tagungen etc.) nutzen. Dadurch wird das wissenschaftliche Angebot in der Kaulbach-Villa erweitert und der Stellwert des Kollegs als Zentrum des geschichtswissenschaftlichen Dialogs in der Bundesrepublik Deutschland noch deutlicher.\u00a0<\/p>\t\t\t\t\t\t\t\t<\/div>\n\t\t\t\t<\/div>\n\t\t\t\t<div class=\"elementor-element elementor-element-250986a elementor-widget elementor-widget-text-editor\" data-id=\"250986a\" data-element_type=\"widget\" data-e-type=\"widget\" data-widget_type=\"text-editor.default\">\n\t\t\t\t<div class=\"elementor-widget-container\">\n\t\t\t\t\t\t\t\t\t<h4>Max Weber Stiftung<\/h4><p>Ebenfalls seit 2011 kooperieren das Historische Kolleg und die\u00a0<a title=\"Homepage der Max Weber Stiftung\" href=\"http:\/\/www.maxweberstiftung.de\/\" target=\"_blank\" rel=\"noopener\">Max Weber Stiftung<\/a> (Deutsche Geisteswissenschaftliche Institute im Ausland). 2014 bis 2021 vergaben beide Einrichtungen gemeinsam den <a title=\"Internationalen Forschungsf\u00f6rderpreis der Max Weber Stiftung beim Historischen Kolleg\" href=\"https:\/\/www.historischeskolleg.de\/forschungspreis\">Internationalen Forschungspreis der Max Weber Stiftung beim Historischen Kolleg<\/a>. Gegenstand des Preises war unter anderem die M\u00f6glichkeit f\u00fcr die Preistr\u00e4gerin beziehungsweise den Preistr\u00e4ger, in der Kaulbach-Villa in M\u00fcnchen ein hochkar\u00e4tiges internationales Kolloquium durchzuf\u00fchren.<\/p><p>Seit 2021 finanziert die Max Weber Stiftung ein Fellowship beim Historischen Kolleg.<\/p>\t\t\t\t\t\t\t\t<\/div>\n\t\t\t\t<\/div>\n\t\t\t\t\t<\/div>\n\t\t<\/div>\n\t\t\t\t\t<\/div>\n\t\t<\/section>\n\t\t\t\t<section class=\"elementor-section elementor-top-section elementor-element elementor-element-f3a32e4 elementor-section-boxed elementor-section-height-default elementor-section-height-default\" data-id=\"f3a32e4\" data-element_type=\"section\" data-e-type=\"section\">\n\t\t\t\t\t\t<div class=\"elementor-container elementor-column-gap-default\">\n\t\t\t\t\t<div class=\"elementor-column elementor-col-100 elementor-top-column elementor-element elementor-element-222e4ab\" data-id=\"222e4ab\" data-element_type=\"column\" data-e-type=\"column\">\n\t\t\t<div class=\"elementor-widget-wrap elementor-element-populated\">\n\t\t\t\t\t\t<div class=\"elementor-element elementor-element-b7883aa elementor-align-center elementor-widget elementor-widget-button\" data-id=\"b7883aa\" data-element_type=\"widget\" data-e-type=\"widget\" data-widget_type=\"button.default\">\n\t\t\t\t<div class=\"elementor-widget-container\">\n\t\t\t\t\t\t\t\t\t<div class=\"elementor-button-wrapper\">\n\t\t\t\t\t<a class=\"elementor-button elementor-button-link elementor-size-md\" href=\"https:\/\/www.historischeskolleg.de\/forschungspreis\/\">\n\t\t\t\t\t\t<span class=\"elementor-button-content-wrapper\">\n\t\t\t\t\t\t\t\t\t<span class=\"elementor-button-text\">Internationaler Forschungspreis der Max Weber Stiftung beim Historischen Kolleg<\/span>\n\t\t\t\t\t<\/span>\n\t\t\t\t\t<\/a>\n\t\t\t\t<\/div>\n\t\t\t\t\t\t\t\t<\/div>\n\t\t\t\t<\/div>\n\t\t\t\t\t<\/div>\n\t\t<\/div>\n\t\t\t\t\t<\/div>\n\t\t<\/section>\n\t\t\t\t<section class=\"elementor-section elementor-top-section elementor-element elementor-element-17cfd33 elementor-section-stretched elementor-section-boxed elementor-section-height-default elementor-section-height-default\" data-id=\"17cfd33\" data-element_type=\"section\" data-e-type=\"section\" data-settings=\"{&quot;stretch_section&quot;:&quot;section-stretched&quot;}\">\n\t\t\t\t\t\t<div class=\"elementor-container elementor-column-gap-default\">\n\t\t\t\t\t<div class=\"elementor-column elementor-col-100 elementor-top-column elementor-element elementor-element-4ae25c1\" data-id=\"4ae25c1\" data-element_type=\"column\" data-e-type=\"column\">\n\t\t\t<div class=\"elementor-widget-wrap elementor-element-populated\">\n\t\t\t\t\t\t<div class=\"elementor-element elementor-element-f007130 elementor-widget elementor-widget-spacer\" data-id=\"f007130\" data-element_type=\"widget\" data-e-type=\"widget\" data-widget_type=\"spacer.default\">\n\t\t\t\t<div class=\"elementor-widget-container\">\n\t\t\t\t\t\t\t<div class=\"elementor-spacer\">\n\t\t\t<div class=\"elementor-spacer-inner\"><\/div>\n\t\t<\/div>\n\t\t\t\t\t\t<\/div>\n\t\t\t\t<\/div>\n\t\t\t\t<div class=\"elementor-element elementor-element-d71555e elementor-widget elementor-widget-text-editor\" data-id=\"d71555e\" data-element_type=\"widget\" data-e-type=\"widget\" data-widget_type=\"text-editor.default\">\n\t\t\t\t<div class=\"elementor-widget-container\">\n\t\t\t\t\t\t\t\t\t<h4>Institut f\u00fcr Zeitgeschichte M\u00fcnchen\u2013Berlin<\/h4><p>2014 bis 2022 kooperierten das Kolleg und das <a class=\"external-link-new-window\" title=\"Homepage des Instituts f\u00fcr Zeitgeschichte\" href=\"http:\/\/www.ifz-muenchen.de\/\" target=\"_blank\" rel=\"noopener\">Institut f\u00fcr Zeitgeschichte M\u00fcnchen\u2013Berlin<\/a> (IfZ) im Bereich der Stipendienf\u00f6rderung. Das IfZ und der Freistaat Bayern finanzierten gemeinsam und erstmals im Kollegjahr 2016\/2017 ein zus\u00e4tzliches, drittes \u201eForschungsstipendium des Instituts f\u00fcr Zeitgeschichte beim Historischen Kolleg\u201d, das epochenspezifisch f\u00fcr Forschungen zum langen 20. Jahrhundert ausgeschrieben wurde.\u00a0<\/p>\t\t\t\t\t\t\t\t<\/div>\n\t\t\t\t<\/div>\n\t\t\t\t<div class=\"elementor-element elementor-element-5a40941 elementor-widget elementor-widget-text-editor\" data-id=\"5a40941\" data-element_type=\"widget\" data-e-type=\"widget\" data-widget_type=\"text-editor.default\">\n\t\t\t\t<div class=\"elementor-widget-container\">\n\t\t\t\t\t\t\t\t\t<h4>K\u00e4te Hamburger Kolleg global dis:connect<\/h4><p>Seit dem Kollegjahr 2023\/2024 ist an die Stelle der Zusammenarbeit mit dem IfZ die neue Kooperation des Historischen Kollegs mit dem <a href=\"https:\/\/www.globaldisconnect.org\/\" target=\"_blank\" rel=\"noopener\">K\u00e4te Hamburger Kolleg global dis:connect<\/a> getreten. Ansprechpartner dort ist Prof. Dr. Roland Wenzlhuemer (LMU). Das Advanced Fellowship wird analog zur Kooperation mit dem IfZ gemeinsam vom K\u00e4te Hamburger Kolleg und dem Freistaat Bayern finanziert, der an dieser zweckgebundenen F\u00f6rderung \u00fcber die Grundfinanzierung des Historischen Kollegs festh\u00e4lt.<\/p>\t\t\t\t\t\t\t\t<\/div>\n\t\t\t\t<\/div>\n\t\t\t\t<div class=\"elementor-element elementor-element-0ffdbc5 elementor-widget elementor-widget-text-editor\" data-id=\"0ffdbc5\" data-element_type=\"widget\" data-e-type=\"widget\" data-widget_type=\"text-editor.default\">\n\t\t\t\t<div class=\"elementor-widget-container\">\n\t\t\t\t\t\t\t\t\t<h4>Kompetenzverbund Historische Wissenschaften M\u00fcnchen<\/h4><p>Am 4. August 2014 wurde die multilaterale Kooperationsvereinbarung des\u00a0<a class=\"external-link-new-window\" title=\"Homepage des Kompetenzverbundes Historische Wissenschaften M\u00fcnchen\" href=\"http:\/\/www.khw-muenchen.de\/\" target=\"_blank\" rel=\"noopener\">Kompetenzverbundes<\/a>\u00a0in Anwesenheit von Staatsminister Dr. Ludwig Spaenle in M\u00fcnchen unterzeichnet, dem auch das Historische Kolleg angeh\u00f6rt. Seine Partner in diesem Verbund sind die\u00a0<a class=\"external-link-new-window\" title=\"Homepage der Bayerischen Akademie der Wissenschaften\" href=\"http:\/\/www.badw.de\/de\/\" target=\"_blank\" rel=\"noopener\">Bayerische Akademie der Wissenschaften<\/a>, die\u00a0<a class=\"external-link-new-window\" title=\"Homepage der Monumenta Germaniae Historica\" href=\"http:\/\/www.mgh.de\/\" target=\"_blank\" rel=\"noopener\">Monumenta Germaniae Historica<\/a>, die\u00a0<a class=\"external-link-new-window\" title=\"Homepage der Historischen Kommission bei der BAdW\" href=\"http:\/\/www.historischekommission-muenchen.de\/\" target=\"_blank\" rel=\"noopener\">Historische Kommission bei der Bayerischen Akademie der Wissenschaften<\/a>, das\u00a0<a class=\"external-link-new-window\" title=\"Homepage des Collegium Carolinum\" href=\"http:\/\/www.collegium-carolinum.de\/\" target=\"_blank\" rel=\"noopener\">Collegium Carolinum<\/a>, die\u00a0<a class=\"external-link-new-window\" title=\"Homepage der Kommission f\u00fcr bayerische Landesgeschichte bei der BAdW\" href=\"http:\/\/www.kbl.badw.de\/\" target=\"_blank\" rel=\"noopener\">Kommission f\u00fcr bayerische Landesgeschichte bei der Bayerischen Akademie der Wissenschaften<\/a>\u00a0und die\u00a0<a class=\"external-link-new-window\" title=\"Homepage der Bayerischen Staatsbibliothek M\u00fcnchen\" href=\"http:\/\/bsb-muenchen.de\/\" target=\"_blank\" rel=\"noopener\">Bayerische Staatsbibliothek<\/a>. Assoziierte Partner des Kompetenzverbunds, der dazu dienen soll, Synergien zu sch\u00f6pfen, eine bessere Abstimmung der vielen Angebote zu erreichen und die Sichtbarkeit des national einzigartigen geschichtswissenschaftlichen Standortes M\u00fcnchen noch weiter zu erh\u00f6hen, sind derzeit ferner das\u00a0<a class=\"external-link-new-window\" title=\"Homepage des Instituts f\u00fcr Zeitgeschichte\" href=\"http:\/\/www.ifz-muenchen.de\/\" target=\"_blank\" rel=\"noopener\">Institut f\u00fcr Zeitgeschichte<\/a>\u00a0und die\u00a0<a class=\"external-link-new-window\" title=\"Fakult\u00e4t f\u00fcr Geschichts- und Kunstwissenschaften der LMU\" href=\"http:\/\/www.geschichts-und-kunstwissenschaften.uni-muenchen.de\/\" target=\"_blank\" rel=\"noopener\">Fakult\u00e4t f\u00fcr Geschichts- und Kunstwissenschaften der LMU<\/a>. Seit der Gr\u00fcndung sind das<a class=\"external-link-new-window\" title=\"Forschungsinstitut f\u00fcr Wissenschafts- und Technikgeschichte des Deutschen Museum\" href=\"https:\/\/www.deutsches-museum.de\/forschung\/das-forschungsinstitut\/\" target=\"_blank\" rel=\"noopener\">\u00a0Forschungsinstitut f\u00fcr Wissenschafts- und Technikgeschichte des Deutschen Museum<\/a>, die\u00a0<a class=\"external-link-new-window\" title=\"Kommission f\u00fcr Alte Geschichte und Epigraphik\" href=\"https:\/\/www.dainst.org\/standort\/-\/organization-display\/ZI9STUj61zKB\/14505\" target=\"_blank\" rel=\"noopener\">Kommission f\u00fcr Alte Geschichte und Epigraphik<\/a>\u00a0sowie das\u00a0<a class=\"external-link-new-window\" title=\"Opens external link in new window\" href=\"https:\/\/www.zikg.eu\/\" target=\"_blank\" rel=\"noopener\">Zentralinstitut f\u00fcr Kunstgeschichte<\/a>\u00a0als weitere Mitglieder hinzugekommen.<\/p>\t\t\t\t\t\t\t\t<\/div>\n\t\t\t\t<\/div>\n\t\t\t\t\t<\/div>\n\t\t<\/div>\n\t\t\t\t\t<\/div>\n\t\t<\/section>\n\t\t\t\t<\/div>\n\t\t","protected":false},"excerpt":{"rendered":"","protected":false},"author":1,"featured_media":0,"parent":0,"menu_order":0,"comment_status":"closed","ping_status":"closed","template":"","meta":{"footnotes":""},"class_list":["post-543","page","type-page","status-publish","hentry"],"acf":[],"yoast_head":"<!-- This site is optimized with the Yoast SEO plugin v27.3 - https:\/\/yoast.com\/product\/yoast-seo-wordpress\/ -->\n<title>Kooperationen - Historisches Kolleg<\/title>\n<meta name=\"robots\" content=\"index, follow, max-snippet:-1, max-image-preview:large, max-video-preview:-1\" \/>\n<link rel=\"canonical\" href=\"https:\/\/www.historischeskolleg.de\/en\/kooperationen\/\" \/>\n<meta property=\"og:locale\" content=\"en_US\" \/>\n<meta property=\"og:type\" content=\"article\" \/>\n<meta property=\"og:title\" content=\"Kooperationen - Historisches Kolleg\" \/>\n<meta property=\"og:url\" content=\"https:\/\/www.historischeskolleg.de\/en\/kooperationen\/\" \/>\n<meta property=\"og:site_name\" content=\"Historisches Kolleg\" \/>\n<meta property=\"article:modified_time\" content=\"2026-01-28T10:38:31+00:00\" \/>\n<meta name=\"twitter:card\" content=\"summary_large_image\" \/>\n<meta name=\"twitter:label1\" content=\"Est. reading time\" \/>\n\t<meta name=\"twitter:data1\" content=\"4 minutes\" \/>\n<script type=\"application\/ld+json\" class=\"yoast-schema-graph\">{\"@context\":\"https:\\\/\\\/schema.org\",\"@graph\":[{\"@type\":\"WebPage\",\"@id\":\"https:\\\/\\\/www.historischeskolleg.de\\\/en\\\/kooperationen\\\/\",\"url\":\"https:\\\/\\\/www.historischeskolleg.de\\\/en\\\/kooperationen\\\/\",\"name\":\"Kooperationen - Historisches Kolleg\",\"isPartOf\":{\"@id\":\"https:\\\/\\\/www.historischeskolleg.de\\\/en\\\/#website\"},\"datePublished\":\"2021-07-27T11:05:38+00:00\",\"dateModified\":\"2026-01-28T10:38:31+00:00\",\"breadcrumb\":{\"@id\":\"https:\\\/\\\/www.historischeskolleg.de\\\/en\\\/kooperationen\\\/#breadcrumb\"},\"inLanguage\":\"en-US\",\"potentialAction\":[{\"@type\":\"ReadAction\",\"target\":[\"https:\\\/\\\/www.historischeskolleg.de\\\/en\\\/kooperationen\\\/\"]}]},{\"@type\":\"BreadcrumbList\",\"@id\":\"https:\\\/\\\/www.historischeskolleg.de\\\/en\\\/kooperationen\\\/#breadcrumb\",\"itemListElement\":[{\"@type\":\"ListItem\",\"position\":1,\"name\":\"Home\",\"item\":\"https:\\\/\\\/www.historischeskolleg.de\\\/en\\\/\"},{\"@type\":\"ListItem\",\"position\":2,\"name\":\"Kooperationen\"}]},{\"@type\":\"WebSite\",\"@id\":\"https:\\\/\\\/www.historischeskolleg.de\\\/en\\\/#website\",\"url\":\"https:\\\/\\\/www.historischeskolleg.de\\\/en\\\/\",\"name\":\"Historisches Kolleg\",\"description\":\"Institute for Advanced Study in History\",\"publisher\":{\"@id\":\"https:\\\/\\\/www.historischeskolleg.de\\\/en\\\/#organization\"},\"potentialAction\":[{\"@type\":\"SearchAction\",\"target\":{\"@type\":\"EntryPoint\",\"urlTemplate\":\"https:\\\/\\\/www.historischeskolleg.de\\\/en\\\/?s={search_term_string}\"},\"query-input\":{\"@type\":\"PropertyValueSpecification\",\"valueRequired\":true,\"valueName\":\"search_term_string\"}}],\"inLanguage\":\"en-US\"},{\"@type\":\"Organization\",\"@id\":\"https:\\\/\\\/www.historischeskolleg.de\\\/en\\\/#organization\",\"name\":\"Historisches Kolleg\",\"url\":\"https:\\\/\\\/www.historischeskolleg.de\\\/en\\\/\",\"logo\":{\"@type\":\"ImageObject\",\"inLanguage\":\"en-US\",\"@id\":\"https:\\\/\\\/www.historischeskolleg.de\\\/en\\\/#\\\/schema\\\/logo\\\/image\\\/\",\"url\":\"https:\\\/\\\/www.historischeskolleg.de\\\/app\\\/uploads\\\/2021\\\/07\\\/cropped-HK_Logo_quer_blau_mitZusatz_transparent.png\",\"contentUrl\":\"https:\\\/\\\/www.historischeskolleg.de\\\/app\\\/uploads\\\/2021\\\/07\\\/cropped-HK_Logo_quer_blau_mitZusatz_transparent.png\",\"width\":1300,\"height\":296,\"caption\":\"Historisches Kolleg\"},\"image\":{\"@id\":\"https:\\\/\\\/www.historischeskolleg.de\\\/en\\\/#\\\/schema\\\/logo\\\/image\\\/\"}}]}<\/script>\n<!-- \/ Yoast SEO plugin. -->","yoast_head_json":{"title":"Kooperationen - Historisches Kolleg","robots":{"index":"index","follow":"follow","max-snippet":"max-snippet:-1","max-image-preview":"max-image-preview:large","max-video-preview":"max-video-preview:-1"},"canonical":"https:\/\/www.historischeskolleg.de\/en\/kooperationen\/","og_locale":"en_US","og_type":"article","og_title":"Kooperationen - Historisches Kolleg","og_url":"https:\/\/www.historischeskolleg.de\/en\/kooperationen\/","og_site_name":"Historisches Kolleg","article_modified_time":"2026-01-28T10:38:31+00:00","twitter_card":"summary_large_image","twitter_misc":{"Est. reading time":"4 minutes"},"schema":{"@context":"https:\/\/schema.org","@graph":[{"@type":"WebPage","@id":"https:\/\/www.historischeskolleg.de\/en\/kooperationen\/","url":"https:\/\/www.historischeskolleg.de\/en\/kooperationen\/","name":"Kooperationen - Historisches Kolleg","isPartOf":{"@id":"https:\/\/www.historischeskolleg.de\/en\/#website"},"datePublished":"2021-07-27T11:05:38+00:00","dateModified":"2026-01-28T10:38:31+00:00","breadcrumb":{"@id":"https:\/\/www.historischeskolleg.de\/en\/kooperationen\/#breadcrumb"},"inLanguage":"en-US","potentialAction":[{"@type":"ReadAction","target":["https:\/\/www.historischeskolleg.de\/en\/kooperationen\/"]}]},{"@type":"BreadcrumbList","@id":"https:\/\/www.historischeskolleg.de\/en\/kooperationen\/#breadcrumb","itemListElement":[{"@type":"ListItem","position":1,"name":"Home","item":"https:\/\/www.historischeskolleg.de\/en\/"},{"@type":"ListItem","position":2,"name":"Kooperationen"}]},{"@type":"WebSite","@id":"https:\/\/www.historischeskolleg.de\/en\/#website","url":"https:\/\/www.historischeskolleg.de\/en\/","name":"Historisches Kolleg","description":"Institute for Advanced Study in History","publisher":{"@id":"https:\/\/www.historischeskolleg.de\/en\/#organization"},"potentialAction":[{"@type":"SearchAction","target":{"@type":"EntryPoint","urlTemplate":"https:\/\/www.historischeskolleg.de\/en\/?s={search_term_string}"},"query-input":{"@type":"PropertyValueSpecification","valueRequired":true,"valueName":"search_term_string"}}],"inLanguage":"en-US"},{"@type":"Organization","@id":"https:\/\/www.historischeskolleg.de\/en\/#organization","name":"Historisches Kolleg","url":"https:\/\/www.historischeskolleg.de\/en\/","logo":{"@type":"ImageObject","inLanguage":"en-US","@id":"https:\/\/www.historischeskolleg.de\/en\/#\/schema\/logo\/image\/","url":"https:\/\/www.historischeskolleg.de\/app\/uploads\/2021\/07\/cropped-HK_Logo_quer_blau_mitZusatz_transparent.png","contentUrl":"https:\/\/www.historischeskolleg.de\/app\/uploads\/2021\/07\/cropped-HK_Logo_quer_blau_mitZusatz_transparent.png","width":1300,"height":296,"caption":"Historisches Kolleg"},"image":{"@id":"https:\/\/www.historischeskolleg.de\/en\/#\/schema\/logo\/image\/"}}]}},"_links":{"self":[{"href":"https:\/\/www.historischeskolleg.de\/en\/wp-json\/wp\/v2\/pages\/543","targetHints":{"allow":["GET"]}}],"collection":[{"href":"https:\/\/www.historischeskolleg.de\/en\/wp-json\/wp\/v2\/pages"}],"about":[{"href":"https:\/\/www.historischeskolleg.de\/en\/wp-json\/wp\/v2\/types\/page"}],"author":[{"embeddable":true,"href":"https:\/\/www.historischeskolleg.de\/en\/wp-json\/wp\/v2\/users\/1"}],"replies":[{"embeddable":true,"href":"https:\/\/www.historischeskolleg.de\/en\/wp-json\/wp\/v2\/comments?post=543"}],"version-history":[{"count":100,"href":"https:\/\/www.historischeskolleg.de\/en\/wp-json\/wp\/v2\/pages\/543\/revisions"}],"predecessor-version":[{"id":13338,"href":"https:\/\/www.historischeskolleg.de\/en\/wp-json\/wp\/v2\/pages\/543\/revisions\/13338"}],"wp:attachment":[{"href":"https:\/\/www.historischeskolleg.de\/en\/wp-json\/wp\/v2\/media?parent=543"}],"curies":[{"name":"wp","href":"https:\/\/api.w.org\/{rel}","templated":true}]}}