{"id":12698,"date":"2025-11-18T20:19:35","date_gmt":"2025-11-18T19:19:35","guid":{"rendered":"https:\/\/www.historischeskolleg.de\/?page_id=12698"},"modified":"2025-11-18T20:22:01","modified_gmt":"2025-11-18T19:22:01","slug":"datenschutz-bewerbung","status":"publish","type":"page","link":"https:\/\/www.historischeskolleg.de\/en\/datenschutz-bewerbung\/","title":{"rendered":"Datenschutz Bewerbung"},"content":{"rendered":"\t\t<div data-elementor-type=\"wp-page\" data-elementor-id=\"12698\" class=\"elementor elementor-12698\" data-elementor-post-type=\"page\">\n\t\t\t\t\t\t<section class=\"elementor-section elementor-top-section elementor-element elementor-element-4d75cfe elementor-section-full_width elementor-section-stretched elementor-section-height-default elementor-section-height-default\" data-id=\"4d75cfe\" data-element_type=\"section\" data-e-type=\"section\" data-settings=\"{&quot;stretch_section&quot;:&quot;section-stretched&quot;}\">\n\t\t\t\t\t\t<div class=\"elementor-container elementor-column-gap-default\">\n\t\t\t\t\t<div class=\"elementor-column elementor-col-100 elementor-top-column elementor-element elementor-element-c676659\" data-id=\"c676659\" data-element_type=\"column\" data-e-type=\"column\">\n\t\t\t<div class=\"elementor-widget-wrap elementor-element-populated\">\n\t\t\t\t\t\t<div class=\"elementor-element elementor-element-640f01d elementor--h-position-center elementor--v-position-middle elementor-widget elementor-widget-slides\" data-id=\"640f01d\" data-element_type=\"widget\" data-e-type=\"widget\" data-settings=\"{&quot;navigation&quot;:&quot;none&quot;,&quot;autoplay_speed&quot;:4500,&quot;transition&quot;:&quot;fade&quot;,&quot;transition_speed&quot;:1500,&quot;autoplay&quot;:&quot;yes&quot;,&quot;infinite&quot;:&quot;yes&quot;}\" data-widget_type=\"slides.default\">\n\t\t\t\t<div class=\"elementor-widget-container\">\n\t\t\t\t\t\t\t\t\t<div class=\"elementor-swiper\">\n\t\t\t\t\t<div class=\"elementor-slides-wrapper elementor-main-swiper swiper\" role=\"region\" aria-roledescription=\"carousel\" aria-label=\"Slider\" dir=\"ltr\" data-animation=\"\">\n\t\t\t\t<div class=\"swiper-wrapper elementor-slides\">\n\t\t\t\t\t\t\t\t\t\t<div class=\"elementor-repeater-item-1a5d1fd swiper-slide\" role=\"group\" aria-roledescription=\"slide\"><div class=\"swiper-slide-bg elementor-ken-burns elementor-ken-burns--in\" role=\"img\" aria-label=\"Arbeitszimmer-I.jpg\"><\/div><div class=\"elementor-background-overlay\"><\/div><div class=\"swiper-slide-inner\" ><div class=\"swiper-slide-contents\"><div class=\"elementor-slide-heading\">Datenschutz Bewerbung<\/div><\/div><\/div><\/div>\t\t\t\t<\/div>\n\t\t\t\t\t\t\t<\/div>\n\t\t\t\t<\/div>\n\t\t\t\t\t\t\t\t<\/div>\n\t\t\t\t<\/div>\n\t\t\t\t\t<\/div>\n\t\t<\/div>\n\t\t\t\t\t<\/div>\n\t\t<\/section>\n\t\t\t\t<section class=\"elementor-section elementor-top-section elementor-element elementor-element-413472a elementor-section-boxed elementor-section-height-default elementor-section-height-default\" data-id=\"413472a\" data-element_type=\"section\" data-e-type=\"section\">\n\t\t\t\t\t\t<div class=\"elementor-container elementor-column-gap-default\">\n\t\t\t\t\t<div class=\"elementor-column elementor-col-100 elementor-top-column elementor-element elementor-element-3132f3d\" data-id=\"3132f3d\" data-element_type=\"column\" data-e-type=\"column\">\n\t\t\t<div class=\"elementor-widget-wrap elementor-element-populated\">\n\t\t\t\t\t\t<div class=\"elementor-element elementor-element-c6791f6 elementor-widget elementor-widget-heading\" data-id=\"c6791f6\" data-element_type=\"widget\" data-e-type=\"widget\" data-widget_type=\"heading.default\">\n\t\t\t\t<div class=\"elementor-widget-container\">\n\t\t\t\t\t<h1 class=\"elementor-heading-title elementor-size-default\">Datenschutzhinweise zur Verarbeitung personenbezogener Daten im Rahmen Ihrer Bewerbung<\/h1>\t\t\t\t<\/div>\n\t\t\t\t<\/div>\n\t\t\t\t<div class=\"elementor-element elementor-element-6e1a553 elementor-widget-divider--view-line elementor-widget elementor-widget-divider\" data-id=\"6e1a553\" data-element_type=\"widget\" data-e-type=\"widget\" data-widget_type=\"divider.default\">\n\t\t\t\t<div class=\"elementor-widget-container\">\n\t\t\t\t\t\t\t<div class=\"elementor-divider\">\n\t\t\t<span class=\"elementor-divider-separator\">\n\t\t\t\t\t\t<\/span>\n\t\t<\/div>\n\t\t\t\t\t\t<\/div>\n\t\t\t\t<\/div>\n\t\t\t\t\t<\/div>\n\t\t<\/div>\n\t\t\t\t\t<\/div>\n\t\t<\/section>\n\t\t\t\t<section class=\"elementor-section elementor-top-section elementor-element elementor-element-a248e10 elementor-section-stretched elementor-reverse-mobile elementor-section-boxed elementor-section-height-default elementor-section-height-default\" data-id=\"a248e10\" data-element_type=\"section\" data-e-type=\"section\" data-settings=\"{&quot;stretch_section&quot;:&quot;section-stretched&quot;}\">\n\t\t\t\t\t\t<div class=\"elementor-container elementor-column-gap-default\">\n\t\t\t\t\t<div class=\"elementor-column elementor-col-100 elementor-top-column elementor-element elementor-element-7580c6b\" data-id=\"7580c6b\" data-element_type=\"column\" data-e-type=\"column\">\n\t\t\t<div class=\"elementor-widget-wrap elementor-element-populated\">\n\t\t\t\t\t\t<div class=\"elementor-element elementor-element-675e5a1 elementor-widget elementor-widget-text-editor\" data-id=\"675e5a1\" data-element_type=\"widget\" data-e-type=\"widget\" data-widget_type=\"text-editor.default\">\n\t\t\t\t<div class=\"elementor-widget-container\">\n\t\t\t\t\t\t\t\t\t<p>Die Stiftung zur F\u00f6rderung der Historischen Kommission bei der Bayerischen Akademie der Wissen-schaften und des Historischen Kollegs (im Folgenden auch: \u201ewir\u201c oder \u201euns\u201c), die Tr\u00e4gerin der Histori-schen Kommission bei der Bayerischen Akademie der Wissenschaften und des Historischen Kollegs ist, nimmt den Schutz Ihrer pers\u00f6nlichen Daten sehr ernst. Wir behandeln diese vertraulich und entspre-chend der gesetzlichen Datenschutzvorschriften sowie dieser Datenschutzerkl\u00e4rung. Im Folgenden in-formieren wir Sie nach Art. 13 Datenschutzgrundverordnung (DSGVO) \u00fcber die Verarbeitung perso-nenbezogener Daten im Rahmen Ihrer Bewerbung sowie \u00fcber die Ihnen zustehenden Rechte.<\/p><p>Verantwortlich f\u00fcr die Datenverarbeitung ist die Stiftung zur F\u00f6rderung der Historischen Kommission bei der Bayerischen Akademie der Wissenschaften und des Historischen Kollegs, Alfons-Goppel-Stra\u00dfe 11, 80539 M\u00fcnchen. Unseren Datenschutzbeauftragten erreichen Sie unter folgenden Kontakt-daten: Dr. J\u00f6rn Retterath, Stiftung zur F\u00f6rderung der Historischen Kommission bei der Bayerischen Akademie der Wissenschaften und des Historischen Kollegs, Alfons-Goppel-Stra\u00dfe 11, 80539 M\u00fcnchen, datenschutz@hiko.badw.de.<\/p><p>Gegenstand des Datenschutzes sind personenbezogene Daten. Dies sind alle Daten, mit denen Sie per-s\u00f6nlich identifiziert werden k\u00f6nnen \u2013 etwa Name, Geburtsdatum, postalische Anschrift, E-Mail- Adresse, Telefonnummer et cetera.<\/p><p>Zweck der Datenverarbeitung ist es, im Rahmen des Bewerbungsverfahrens eine Pr\u00fcfung, Begutach-tung, Bewertung und Entscheidung durchf\u00fchren zu k\u00f6nnen.<\/p><p>Die Rechtsgrundlage f\u00fcr die Datenverarbeitung bilden Art. 6 Abs. 1 Satz 1 Buchst. b DSGVO, Art. 9 Abs. 2 Buchst. b und h DSGVO, Art. 88 Abs. 1 DSGVO sowie Art. 8 Abs. 1 Satz 1 Nr. 2 und 3 BayDSG.<\/p><p>Wir verarbeiten nur die personenbezogenen Daten, die wir im Rahmen des Bewerbungsverfahrens direkt von Ihnen erhalten haben. Im Rahmen des Bewerbungsverfahrens m\u00fcssen Sie uns solche per-sonenbezogenen Daten bereitstellen, die f\u00fcr die eindeutige Identifikation Ihrer Person sowie f\u00fcr die Entscheidung \u00fcber F\u00f6rderung bzw. Einstellung und die damit verbundenen vertraglichen und gesetzli-chen Pflichten erforderlich sind oder zu deren Verarbeitung wir gesetzlich verpflichtet sind. Ohne diese Daten werden wir eine Pr\u00fcfung Ihrer Bewerbung nicht durchf\u00fchren k\u00f6nnen.<\/p><p>Wir verwenden weder eine automatisierte Entscheidungsfindung noch ein Profiling entsprechend Art. 22 DSGVO.<\/p><p>Innerhalb der Stiftung zur F\u00f6rderung der Historischen Kommission bei der Bayerischen Akademie der Wissenschaften und des Historischen Kollegs haben auf Ihre personenbezogenen Daten nur Mitarbei-terinnen und Mitarbeiter sowie gegebenenfalls Mitglieder der jeweiligen Entscheidungsgremien Zu-griff, die einen solchen Zugriff zur Erf\u00fcllung ihrer Funktionen oder Aufgaben ben\u00f6tigen. Dar\u00fcber hinaus geben wir im Rahmen der fachwissenschaftlichen Pr\u00fcfung Ihrer Bewerbung Ihre Daten gegebenenfalls an Gutachtende weiter, die um eine Stellungnahme zu Ihrer Bewerbung gebeten werden. Zudem kann die Weitergabe von personenbezogenen Daten an externe Empf\u00e4ngerinnen und Empf\u00e4nger erfolgen, wenn daf\u00fcr eine gesetzliche Rechtfertigung besteht oder Sie darin eingewilligt haben. Dabei beachten wir stets den Grundsatz der Datensparsamkeit und geben Daten grunds\u00e4tzlich nur in dem f\u00fcr den kon-kreten Zweck erforderlich Umfang weiter.<\/p><p>Soweit Ihre pers\u00f6nlichen Daten elektronisch verarbeitet werden, erfolgt der technische Betrieb unse-rer Datenverarbeitungssysteme durch Rechenzentren innerhalb der Europ\u00e4ischen Union. In Ausnah-mef\u00e4llen erfolgen Drittland\u00fcbertragungen insbesondere im Rahmen der Begutachtung, zum Beispiel wenn Gutachtende in Drittstaaten ans\u00e4ssig sind. Da die Auswahl der Gutachtenden ausschlie\u00dflich auf wissenschaftlichen Kriterien beruht, kann eine \u00dcbermittlung an einen Gutachtenden mit Dienstsitz in einem Drittland zwingend geboten sein. In diesem Fall ist die \u00dcbermittlung durch Art. 49 Abs. 1 Buchst. b und c DSGVO legitimiert.<\/p><p>Wir l\u00f6schen die von Ihnen \u00fcbermittelten personenbezogenen Daten, wenn sie f\u00fcr die von uns verfolg-ten Zwecke nicht mehr erforderlich sind und keine anderweitige Rechtsgrundlage, insbesondere ge-setzliche oder vertragliche Aufbewahrungsfristen, bestehen. Gutachtende und Mitglieder der Aus-wahlgremien werden von uns aufgefordert, die personenbezogene Daten enthaltenden Bewerbungs-unterlagen vertraulich zu behandeln und nach Abschluss des Bewerbungsverfahrens zu vernichten.<\/p><p>Des Weiteren m\u00f6chten wir Sie \u00fcber die Ihnen zustehenden Rechte nach Art. 15\u201320 DSGVO informie-ren:<\/p><ul><li>Werden Ihre personenbezogenen Daten verarbeitet, so haben Sie das Recht, Auskunft \u00fcber die zu Ihrer Person gespeicherten Daten zu erhalten.<\/li><li>Sollten unrichtige personenbezogene Daten verarbeitet werden, steht Ihnen ein Recht auf Be-richtigung zu.<\/li><li>Liegen die gesetzlichen Voraussetzungen vor, so k\u00f6nnen Sie die L\u00f6schung oder Einschr\u00e4nkung der Verarbeitung verlangen sowie Widerspruch gegen die Verarbeitung einlegen.<\/li><li>Dar\u00fcber hinaus steht Ihnen das Recht zu, sich an die zust\u00e4ndige Aufsichtsbeh\u00f6rde zu wenden, wenn Sie der Meinung sind, dass die Verarbeitung Ihrer personenbezogenen Daten gegen geltendes Recht verst\u00f6\u00dft (Bayerischer Landesbeauftragte f\u00fcr den Datenschutz, Wagm\u00fcller-stra\u00dfe 18, 80538 M\u00fcnchen, bdsb@datenschutz-bayern.de).<\/li><\/ul><p>Sollten Sie von den oben genannten Rechten Gebrauch machen wollen, wenden Sie sich bitte an un-seren oben genannten Datenschutzbeauftragten. Wir pr\u00fcfen sodann, ob die gesetzlichen Vorausset-zungen erf\u00fcllt sind und nehmen mit Ihnen Kontakt auf.<\/p>\t\t\t\t\t\t\t\t<\/div>\n\t\t\t\t<\/div>\n\t\t\t\t\t<\/div>\n\t\t<\/div>\n\t\t\t\t\t<\/div>\n\t\t<\/section>\n\t\t\t\t<section class=\"elementor-section elementor-top-section elementor-element elementor-element-14c7c81 elementor-section-boxed elementor-section-height-default elementor-section-height-default\" data-id=\"14c7c81\" data-element_type=\"section\" data-e-type=\"section\">\n\t\t\t\t\t\t<div class=\"elementor-container elementor-column-gap-default\">\n\t\t\t\t\t<div class=\"elementor-column elementor-col-100 elementor-top-column elementor-element elementor-element-fb664d1\" data-id=\"fb664d1\" data-element_type=\"column\" data-e-type=\"column\">\n\t\t\t<div class=\"elementor-widget-wrap elementor-element-populated\">\n\t\t\t\t\t\t<div class=\"elementor-element elementor-element-dd53ec6 elementor-widget elementor-widget-spacer\" data-id=\"dd53ec6\" data-element_type=\"widget\" data-e-type=\"widget\" data-widget_type=\"spacer.default\">\n\t\t\t\t<div class=\"elementor-widget-container\">\n\t\t\t\t\t\t\t<div class=\"elementor-spacer\">\n\t\t\t<div class=\"elementor-spacer-inner\"><\/div>\n\t\t<\/div>\n\t\t\t\t\t\t<\/div>\n\t\t\t\t<\/div>\n\t\t\t\t\t<\/div>\n\t\t<\/div>\n\t\t\t\t\t<\/div>\n\t\t<\/section>\n\t\t\t\t<\/div>\n\t\t","protected":false},"excerpt":{"rendered":"","protected":false},"author":14,"featured_media":0,"parent":0,"menu_order":0,"comment_status":"closed","ping_status":"closed","template":"","meta":{"footnotes":""},"class_list":["post-12698","page","type-page","status-publish","hentry"],"acf":[],"yoast_head":"<!-- This site is optimized with the Yoast SEO plugin v27.3 - https:\/\/yoast.com\/product\/yoast-seo-wordpress\/ -->\n<title>Datenschutz Bewerbung - Historisches Kolleg<\/title>\n<meta name=\"robots\" content=\"index, follow, max-snippet:-1, max-image-preview:large, max-video-preview:-1\" \/>\n<link rel=\"canonical\" href=\"https:\/\/www.historischeskolleg.de\/en\/datenschutz-bewerbung\/\" \/>\n<meta property=\"og:locale\" content=\"en_US\" \/>\n<meta property=\"og:type\" content=\"article\" \/>\n<meta property=\"og:title\" content=\"Datenschutz Bewerbung - Historisches Kolleg\" \/>\n<meta property=\"og:url\" content=\"https:\/\/www.historischeskolleg.de\/en\/datenschutz-bewerbung\/\" \/>\n<meta property=\"og:site_name\" content=\"Historisches Kolleg\" \/>\n<meta property=\"article:modified_time\" content=\"2025-11-18T19:22:01+00:00\" \/>\n<meta name=\"twitter:card\" content=\"summary_large_image\" \/>\n<meta name=\"twitter:label1\" content=\"Est. reading time\" \/>\n\t<meta name=\"twitter:data1\" content=\"4 minutes\" \/>\n<script type=\"application\/ld+json\" class=\"yoast-schema-graph\">{\"@context\":\"https:\\\/\\\/schema.org\",\"@graph\":[{\"@type\":\"WebPage\",\"@id\":\"https:\\\/\\\/www.historischeskolleg.de\\\/en\\\/datenschutz-bewerbung\\\/\",\"url\":\"https:\\\/\\\/www.historischeskolleg.de\\\/en\\\/datenschutz-bewerbung\\\/\",\"name\":\"Datenschutz Bewerbung - Historisches Kolleg\",\"isPartOf\":{\"@id\":\"https:\\\/\\\/www.historischeskolleg.de\\\/en\\\/#website\"},\"datePublished\":\"2025-11-18T19:19:35+00:00\",\"dateModified\":\"2025-11-18T19:22:01+00:00\",\"breadcrumb\":{\"@id\":\"https:\\\/\\\/www.historischeskolleg.de\\\/en\\\/datenschutz-bewerbung\\\/#breadcrumb\"},\"inLanguage\":\"en-US\",\"potentialAction\":[{\"@type\":\"ReadAction\",\"target\":[\"https:\\\/\\\/www.historischeskolleg.de\\\/en\\\/datenschutz-bewerbung\\\/\"]}]},{\"@type\":\"BreadcrumbList\",\"@id\":\"https:\\\/\\\/www.historischeskolleg.de\\\/en\\\/datenschutz-bewerbung\\\/#breadcrumb\",\"itemListElement\":[{\"@type\":\"ListItem\",\"position\":1,\"name\":\"Home\",\"item\":\"https:\\\/\\\/www.historischeskolleg.de\\\/en\\\/\"},{\"@type\":\"ListItem\",\"position\":2,\"name\":\"Datenschutz Bewerbung\"}]},{\"@type\":\"WebSite\",\"@id\":\"https:\\\/\\\/www.historischeskolleg.de\\\/en\\\/#website\",\"url\":\"https:\\\/\\\/www.historischeskolleg.de\\\/en\\\/\",\"name\":\"Historisches Kolleg\",\"description\":\"Institute for Advanced Study in History\",\"publisher\":{\"@id\":\"https:\\\/\\\/www.historischeskolleg.de\\\/en\\\/#organization\"},\"potentialAction\":[{\"@type\":\"SearchAction\",\"target\":{\"@type\":\"EntryPoint\",\"urlTemplate\":\"https:\\\/\\\/www.historischeskolleg.de\\\/en\\\/?s={search_term_string}\"},\"query-input\":{\"@type\":\"PropertyValueSpecification\",\"valueRequired\":true,\"valueName\":\"search_term_string\"}}],\"inLanguage\":\"en-US\"},{\"@type\":\"Organization\",\"@id\":\"https:\\\/\\\/www.historischeskolleg.de\\\/en\\\/#organization\",\"name\":\"Historisches Kolleg\",\"url\":\"https:\\\/\\\/www.historischeskolleg.de\\\/en\\\/\",\"logo\":{\"@type\":\"ImageObject\",\"inLanguage\":\"en-US\",\"@id\":\"https:\\\/\\\/www.historischeskolleg.de\\\/en\\\/#\\\/schema\\\/logo\\\/image\\\/\",\"url\":\"https:\\\/\\\/www.historischeskolleg.de\\\/app\\\/uploads\\\/2021\\\/07\\\/cropped-HK_Logo_quer_blau_mitZusatz_transparent.png\",\"contentUrl\":\"https:\\\/\\\/www.historischeskolleg.de\\\/app\\\/uploads\\\/2021\\\/07\\\/cropped-HK_Logo_quer_blau_mitZusatz_transparent.png\",\"width\":1300,\"height\":296,\"caption\":\"Historisches Kolleg\"},\"image\":{\"@id\":\"https:\\\/\\\/www.historischeskolleg.de\\\/en\\\/#\\\/schema\\\/logo\\\/image\\\/\"}}]}<\/script>\n<!-- \/ Yoast SEO plugin. -->","yoast_head_json":{"title":"Datenschutz Bewerbung - Historisches Kolleg","robots":{"index":"index","follow":"follow","max-snippet":"max-snippet:-1","max-image-preview":"max-image-preview:large","max-video-preview":"max-video-preview:-1"},"canonical":"https:\/\/www.historischeskolleg.de\/en\/datenschutz-bewerbung\/","og_locale":"en_US","og_type":"article","og_title":"Datenschutz Bewerbung - Historisches Kolleg","og_url":"https:\/\/www.historischeskolleg.de\/en\/datenschutz-bewerbung\/","og_site_name":"Historisches Kolleg","article_modified_time":"2025-11-18T19:22:01+00:00","twitter_card":"summary_large_image","twitter_misc":{"Est. reading time":"4 minutes"},"schema":{"@context":"https:\/\/schema.org","@graph":[{"@type":"WebPage","@id":"https:\/\/www.historischeskolleg.de\/en\/datenschutz-bewerbung\/","url":"https:\/\/www.historischeskolleg.de\/en\/datenschutz-bewerbung\/","name":"Datenschutz Bewerbung - Historisches Kolleg","isPartOf":{"@id":"https:\/\/www.historischeskolleg.de\/en\/#website"},"datePublished":"2025-11-18T19:19:35+00:00","dateModified":"2025-11-18T19:22:01+00:00","breadcrumb":{"@id":"https:\/\/www.historischeskolleg.de\/en\/datenschutz-bewerbung\/#breadcrumb"},"inLanguage":"en-US","potentialAction":[{"@type":"ReadAction","target":["https:\/\/www.historischeskolleg.de\/en\/datenschutz-bewerbung\/"]}]},{"@type":"BreadcrumbList","@id":"https:\/\/www.historischeskolleg.de\/en\/datenschutz-bewerbung\/#breadcrumb","itemListElement":[{"@type":"ListItem","position":1,"name":"Home","item":"https:\/\/www.historischeskolleg.de\/en\/"},{"@type":"ListItem","position":2,"name":"Datenschutz Bewerbung"}]},{"@type":"WebSite","@id":"https:\/\/www.historischeskolleg.de\/en\/#website","url":"https:\/\/www.historischeskolleg.de\/en\/","name":"Historisches Kolleg","description":"Institute for Advanced Study in History","publisher":{"@id":"https:\/\/www.historischeskolleg.de\/en\/#organization"},"potentialAction":[{"@type":"SearchAction","target":{"@type":"EntryPoint","urlTemplate":"https:\/\/www.historischeskolleg.de\/en\/?s={search_term_string}"},"query-input":{"@type":"PropertyValueSpecification","valueRequired":true,"valueName":"search_term_string"}}],"inLanguage":"en-US"},{"@type":"Organization","@id":"https:\/\/www.historischeskolleg.de\/en\/#organization","name":"Historisches Kolleg","url":"https:\/\/www.historischeskolleg.de\/en\/","logo":{"@type":"ImageObject","inLanguage":"en-US","@id":"https:\/\/www.historischeskolleg.de\/en\/#\/schema\/logo\/image\/","url":"https:\/\/www.historischeskolleg.de\/app\/uploads\/2021\/07\/cropped-HK_Logo_quer_blau_mitZusatz_transparent.png","contentUrl":"https:\/\/www.historischeskolleg.de\/app\/uploads\/2021\/07\/cropped-HK_Logo_quer_blau_mitZusatz_transparent.png","width":1300,"height":296,"caption":"Historisches Kolleg"},"image":{"@id":"https:\/\/www.historischeskolleg.de\/en\/#\/schema\/logo\/image\/"}}]}},"_links":{"self":[{"href":"https:\/\/www.historischeskolleg.de\/en\/wp-json\/wp\/v2\/pages\/12698","targetHints":{"allow":["GET"]}}],"collection":[{"href":"https:\/\/www.historischeskolleg.de\/en\/wp-json\/wp\/v2\/pages"}],"about":[{"href":"https:\/\/www.historischeskolleg.de\/en\/wp-json\/wp\/v2\/types\/page"}],"author":[{"embeddable":true,"href":"https:\/\/www.historischeskolleg.de\/en\/wp-json\/wp\/v2\/users\/14"}],"replies":[{"embeddable":true,"href":"https:\/\/www.historischeskolleg.de\/en\/wp-json\/wp\/v2\/comments?post=12698"}],"version-history":[{"count":7,"href":"https:\/\/www.historischeskolleg.de\/en\/wp-json\/wp\/v2\/pages\/12698\/revisions"}],"predecessor-version":[{"id":12705,"href":"https:\/\/www.historischeskolleg.de\/en\/wp-json\/wp\/v2\/pages\/12698\/revisions\/12705"}],"wp:attachment":[{"href":"https:\/\/www.historischeskolleg.de\/en\/wp-json\/wp\/v2\/media?parent=12698"}],"curies":[{"name":"wp","href":"https:\/\/api.w.org\/{rel}","templated":true}]}}