{"id":1050,"date":"2021-08-03T14:15:30","date_gmt":"2021-08-03T12:15:30","guid":{"rendered":"https:\/\/historisches-kolleg.staging.dm-intern.de\/?page_id=1050"},"modified":"2022-03-10T13:56:24","modified_gmt":"2022-03-10T12:56:24","slug":"statuten","status":"publish","type":"page","link":"https:\/\/www.historischeskolleg.de\/en\/statuten\/","title":{"rendered":"Statuten"},"content":{"rendered":"\t\t<div data-elementor-type=\"wp-page\" data-elementor-id=\"1050\" class=\"elementor elementor-1050\" data-elementor-post-type=\"page\">\n\t\t\t\t\t\t<section class=\"elementor-section elementor-top-section elementor-element elementor-element-a953660 elementor-section-full_width elementor-section-stretched elementor-section-height-default elementor-section-height-default\" data-id=\"a953660\" data-element_type=\"section\" data-e-type=\"section\" data-settings=\"{&quot;stretch_section&quot;:&quot;section-stretched&quot;}\">\n\t\t\t\t\t\t<div class=\"elementor-container elementor-column-gap-default\">\n\t\t\t\t\t<div class=\"elementor-column elementor-col-100 elementor-top-column elementor-element elementor-element-9022aed\" data-id=\"9022aed\" data-element_type=\"column\" data-e-type=\"column\">\n\t\t\t<div class=\"elementor-widget-wrap elementor-element-populated\">\n\t\t\t\t\t\t<div class=\"elementor-element elementor-element-f9c6738 elementor--h-position-center elementor--v-position-middle elementor-widget elementor-widget-slides\" data-id=\"f9c6738\" data-element_type=\"widget\" data-e-type=\"widget\" data-settings=\"{&quot;navigation&quot;:&quot;none&quot;,&quot;autoplay_speed&quot;:4500,&quot;transition&quot;:&quot;fade&quot;,&quot;transition_speed&quot;:1500,&quot;autoplay&quot;:&quot;yes&quot;,&quot;infinite&quot;:&quot;yes&quot;}\" data-widget_type=\"slides.default\">\n\t\t\t\t<div class=\"elementor-widget-container\">\n\t\t\t\t\t\t\t\t\t<div class=\"elementor-swiper\">\n\t\t\t\t\t<div class=\"elementor-slides-wrapper elementor-main-swiper swiper\" role=\"region\" aria-roledescription=\"carousel\" aria-label=\"Slider\" dir=\"ltr\" data-animation=\"\">\n\t\t\t\t<div class=\"swiper-wrapper elementor-slides\">\n\t\t\t\t\t\t\t\t\t\t<div class=\"elementor-repeater-item-1a5d1fd swiper-slide\" role=\"group\" aria-roledescription=\"slide\"><div class=\"swiper-slide-bg elementor-ken-burns elementor-ken-burns--in\" role=\"img\" aria-label=\"Chia-Lun Hsu spielte Bagatellen und Serenaden von Valentin Silvestrov\"><\/div><div class=\"elementor-background-overlay\"><\/div><div class=\"swiper-slide-inner\" ><div class=\"swiper-slide-contents\"><div class=\"elementor-slide-heading\">Statuten<\/div><\/div><\/div><\/div>\t\t\t\t<\/div>\n\t\t\t\t\t\t\t<\/div>\n\t\t\t\t<\/div>\n\t\t\t\t\t\t\t\t<\/div>\n\t\t\t\t<\/div>\n\t\t\t\t\t<\/div>\n\t\t<\/div>\n\t\t\t\t\t<\/div>\n\t\t<\/section>\n\t\t\t\t<section class=\"elementor-section elementor-top-section elementor-element elementor-element-c3ac767 elementor-section-stretched elementor-section-boxed elementor-section-height-default elementor-section-height-default\" data-id=\"c3ac767\" data-element_type=\"section\" data-e-type=\"section\" data-settings=\"{&quot;stretch_section&quot;:&quot;section-stretched&quot;,&quot;background_background&quot;:&quot;classic&quot;}\">\n\t\t\t\t\t\t\t<div class=\"elementor-background-overlay\"><\/div>\n\t\t\t\t\t\t\t<div class=\"elementor-container elementor-column-gap-default\">\n\t\t\t\t\t<div class=\"elementor-column elementor-col-100 elementor-top-column elementor-element elementor-element-c36f83d\" data-id=\"c36f83d\" data-element_type=\"column\" data-e-type=\"column\">\n\t\t\t<div class=\"elementor-widget-wrap elementor-element-populated\">\n\t\t\t\t\t\t<div class=\"elementor-element elementor-element-c90d679 elementor-widget elementor-widget-heading\" data-id=\"c90d679\" data-element_type=\"widget\" data-e-type=\"widget\" data-widget_type=\"heading.default\">\n\t\t\t\t<div class=\"elementor-widget-container\">\n\t\t\t\t\t<h2 class=\"elementor-heading-title elementor-size-default\">Statuten f\u00fcr den Preis des Historischen Kollegs<\/h2>\t\t\t\t<\/div>\n\t\t\t\t<\/div>\n\t\t\t\t<div class=\"elementor-element elementor-element-8e22dd0 elementor-widget-divider--view-line elementor-widget elementor-widget-divider\" data-id=\"8e22dd0\" data-element_type=\"widget\" data-e-type=\"widget\" data-widget_type=\"divider.default\">\n\t\t\t\t<div class=\"elementor-widget-container\">\n\t\t\t\t\t\t\t<div class=\"elementor-divider\">\n\t\t\t<span class=\"elementor-divider-separator\">\n\t\t\t\t\t\t<\/span>\n\t\t<\/div>\n\t\t\t\t\t\t<\/div>\n\t\t\t\t<\/div>\n\t\t\t\t<div class=\"elementor-element elementor-element-775ba1f elementor-widget elementor-widget-spacer\" data-id=\"775ba1f\" data-element_type=\"widget\" data-e-type=\"widget\" data-widget_type=\"spacer.default\">\n\t\t\t\t<div class=\"elementor-widget-container\">\n\t\t\t\t\t\t\t<div class=\"elementor-spacer\">\n\t\t\t<div class=\"elementor-spacer-inner\"><\/div>\n\t\t<\/div>\n\t\t\t\t\t\t<\/div>\n\t\t\t\t<\/div>\n\t\t\t\t<div class=\"elementor-element elementor-element-feef277 elementor-widget elementor-widget-text-editor\" data-id=\"feef277\" data-element_type=\"widget\" data-e-type=\"widget\" data-widget_type=\"text-editor.default\">\n\t\t\t\t<div class=\"elementor-widget-container\">\n\t\t\t\t\t\t\t\t\t<p>Der Stiftungsfonds Deutsche Bank zur F\u00f6rderung der Wissenschaft in Forschung und Lehre im Stifterverband f\u00fcr die Deutsche Wissenschaft hat im Jahre 1982 einen deutschen Historikerpreis ausgesetzt. Dieser Preis wird seither als\u00a0<strong>Preis des Historischen Kollegs<\/strong>\u00a0vergeben.<\/p><p>1. Die Dotierung des Preises hat sich inzwischen der Freundeskreis des Historischen Kollegs e.\u00a0V. zu seiner vornehmsten Aufgabe gemacht und einen besonderen Stiftungsfonds mit einem Grundstockverm\u00f6gen daf\u00fcr ausgestattet. Pers\u00f6nliche und institutionelle F\u00f6rderer sind eingeladen, diesen Grundstock zu erg\u00e4nzen oder Zuwendungen f\u00fcr einzelne Vergaben bereitzustellen.<\/p><p>2. Der Preis wird alle drei Jahre vergeben. Er ist mit 30.000,\u2212 Euro ausgestattet und kann nicht geteilt werden.<\/p><p>3. Mit dem Preis wird das wissenschaftliche Gesamtschaffen einer Historikerin bzw. eines Historikers im Sinne der Zielsetzungen des Historischen Kollegs ausgezeichnet. Grundlage f\u00fcr die Auszeichnung ist ein herausragendes Werk, das wissenschaftliches Neuland erschlie\u00dft, \u00fcber die Fachgrenzen hinaus wirkt, in deutscher Sprache erschienen und in seiner sprachlichen Gestaltung vorbildhaft ist.<\/p><p>4.1. Der Preis wird in geeigneter Weise bekanntgemacht.<\/p><p>4.2. Vorschlagsberechtigt f\u00fcr den Preis sind Hochschullehrerinnen und Hochschullehrer, die ein historisches Fach vertreten, au\u00dferdem Wissenschaftlerinnen und Wissenschaftler in vergleichbarer Stellung an historischen Instituten au\u00dferhalb der Hochschulen und freie Wissenschaftlerinnen und Wissenschaftler sowie Publizistinnen und Publizisten, die anerkannte historische Werke ver\u00f6ffentlicht haben.<\/p><p>4.3 Vorschl\u00e4ge m\u00fcssen schriftlich bis zum 31. Dezember des der Preisverleihung vorangehenden Jahres eingereicht werden und bed\u00fcrfen der Begr\u00fcndung.<\/p><p>5.1. Die Auswahl der Preistr\u00e4gerin\/des Preistr\u00e4gers obliegt einer besonderen Kommission. Dieser geh\u00f6ren an<\/p><ul><li>die Kuratoriumsmitglieder des Historischen Kollegs,<\/li><li>bis zu drei weitere wissenschaftliche Mitglieder, die vom Kuratorium des Historischen Kollegs f\u00fcr je zwei Preisverleihungen kooptiert werden. Eines dieser Mitglieder kann eine durch historiographische Leistungen ausgewiesene Publizistin bzw. ein Publizist sein.<\/li><li>Zuwendungsgeber, die die Vergabe und Verleihung des Preises finanzieren, k\u00f6nnen an den jeweiligen Beratungen der Auswahlkommission als G\u00e4ste teilnehmen.<\/li><\/ul><p>5.2. Vorsitzender der Auswahlkommission ist die\/der Vorsitzende des Kuratoriums des Historischen Kollegs.<\/p><p>5.3. Die Auswahlkommission ist beschlussf\u00e4hig, wenn mindestens die H\u00e4lfte ihrer Mitglieder physisch anwesend ist. Mitglieder der Kommission k\u00f6nnen via Videokonferenz (Skype etc.) an den Sitzungen teilnehmen, sind aber nicht stimmberechtigt.<\/p><p>5.4. Die Auswahlkommission ist an Vorschl\u00e4ge nicht gebunden.<\/p><p>5.5. Auf die Preistr\u00e4gerin\/den Preistr\u00e4ger m\u00fcssen mindestens drei Viertel der Stimmen der physisch anwesenden Mitglieder der Auswahlkommission entfallen. Von nichtanwesenden Mitgliedern k\u00f6nnen schriftliche Voten abgegeben werden, die jedoch nicht als Stimmabgabe z\u00e4hlen.<\/p><p>6.1. Die Preisverleihung wird in der Regel zur Er\u00f6ffnung eines Kollegjahres des Historischen Kollegs vorgenommen.<\/p><p>6.2. Die Preistr\u00e4gerin\/der Preistr\u00e4ger ist aufgefordert, bei der Verleihung einen \u00f6ffentlichen Vortrag zu halten.<\/p><p>7. F\u00fcr das Verfahren der Preisvergabe ist der Rechtsweg ausgeschlossen.<\/p><p>M\u00fcnchen, 16. Oktober 2017<\/p>\t\t\t\t\t\t\t\t<\/div>\n\t\t\t\t<\/div>\n\t\t\t\t\t<\/div>\n\t\t<\/div>\n\t\t\t\t\t<\/div>\n\t\t<\/section>\n\t\t\t\t<\/div>\n\t\t","protected":false},"excerpt":{"rendered":"","protected":false},"author":1,"featured_media":0,"parent":0,"menu_order":0,"comment_status":"closed","ping_status":"closed","template":"","meta":{"footnotes":""},"class_list":["post-1050","page","type-page","status-publish","hentry"],"acf":[],"yoast_head":"<!-- This site is optimized with the Yoast SEO plugin v27.3 - https:\/\/yoast.com\/product\/yoast-seo-wordpress\/ -->\n<title>Statuten - Historisches Kolleg<\/title>\n<meta name=\"robots\" content=\"index, follow, max-snippet:-1, max-image-preview:large, max-video-preview:-1\" \/>\n<link rel=\"canonical\" href=\"https:\/\/www.historischeskolleg.de\/en\/statuten\/\" \/>\n<meta property=\"og:locale\" content=\"en_US\" \/>\n<meta property=\"og:type\" content=\"article\" \/>\n<meta property=\"og:title\" content=\"Statuten - Historisches Kolleg\" \/>\n<meta property=\"og:url\" content=\"https:\/\/www.historischeskolleg.de\/en\/statuten\/\" \/>\n<meta property=\"og:site_name\" content=\"Historisches Kolleg\" \/>\n<meta property=\"article:modified_time\" content=\"2022-03-10T12:56:24+00:00\" \/>\n<meta name=\"twitter:card\" content=\"summary_large_image\" \/>\n<meta name=\"twitter:label1\" content=\"Est. reading time\" \/>\n\t<meta name=\"twitter:data1\" content=\"3 minutes\" \/>\n<script type=\"application\/ld+json\" class=\"yoast-schema-graph\">{\"@context\":\"https:\\\/\\\/schema.org\",\"@graph\":[{\"@type\":\"WebPage\",\"@id\":\"https:\\\/\\\/www.historischeskolleg.de\\\/en\\\/statuten\\\/\",\"url\":\"https:\\\/\\\/www.historischeskolleg.de\\\/en\\\/statuten\\\/\",\"name\":\"Statuten - Historisches Kolleg\",\"isPartOf\":{\"@id\":\"https:\\\/\\\/www.historischeskolleg.de\\\/en\\\/#website\"},\"datePublished\":\"2021-08-03T12:15:30+00:00\",\"dateModified\":\"2022-03-10T12:56:24+00:00\",\"breadcrumb\":{\"@id\":\"https:\\\/\\\/www.historischeskolleg.de\\\/en\\\/statuten\\\/#breadcrumb\"},\"inLanguage\":\"en-US\",\"potentialAction\":[{\"@type\":\"ReadAction\",\"target\":[\"https:\\\/\\\/www.historischeskolleg.de\\\/en\\\/statuten\\\/\"]}]},{\"@type\":\"BreadcrumbList\",\"@id\":\"https:\\\/\\\/www.historischeskolleg.de\\\/en\\\/statuten\\\/#breadcrumb\",\"itemListElement\":[{\"@type\":\"ListItem\",\"position\":1,\"name\":\"Home\",\"item\":\"https:\\\/\\\/www.historischeskolleg.de\\\/en\\\/\"},{\"@type\":\"ListItem\",\"position\":2,\"name\":\"Statuten\"}]},{\"@type\":\"WebSite\",\"@id\":\"https:\\\/\\\/www.historischeskolleg.de\\\/en\\\/#website\",\"url\":\"https:\\\/\\\/www.historischeskolleg.de\\\/en\\\/\",\"name\":\"Historisches Kolleg\",\"description\":\"Institute for Advanced Study in History\",\"publisher\":{\"@id\":\"https:\\\/\\\/www.historischeskolleg.de\\\/en\\\/#organization\"},\"potentialAction\":[{\"@type\":\"SearchAction\",\"target\":{\"@type\":\"EntryPoint\",\"urlTemplate\":\"https:\\\/\\\/www.historischeskolleg.de\\\/en\\\/?s={search_term_string}\"},\"query-input\":{\"@type\":\"PropertyValueSpecification\",\"valueRequired\":true,\"valueName\":\"search_term_string\"}}],\"inLanguage\":\"en-US\"},{\"@type\":\"Organization\",\"@id\":\"https:\\\/\\\/www.historischeskolleg.de\\\/en\\\/#organization\",\"name\":\"Historisches Kolleg\",\"url\":\"https:\\\/\\\/www.historischeskolleg.de\\\/en\\\/\",\"logo\":{\"@type\":\"ImageObject\",\"inLanguage\":\"en-US\",\"@id\":\"https:\\\/\\\/www.historischeskolleg.de\\\/en\\\/#\\\/schema\\\/logo\\\/image\\\/\",\"url\":\"https:\\\/\\\/www.historischeskolleg.de\\\/app\\\/uploads\\\/2021\\\/07\\\/cropped-HK_Logo_quer_blau_mitZusatz_transparent.png\",\"contentUrl\":\"https:\\\/\\\/www.historischeskolleg.de\\\/app\\\/uploads\\\/2021\\\/07\\\/cropped-HK_Logo_quer_blau_mitZusatz_transparent.png\",\"width\":1300,\"height\":296,\"caption\":\"Historisches Kolleg\"},\"image\":{\"@id\":\"https:\\\/\\\/www.historischeskolleg.de\\\/en\\\/#\\\/schema\\\/logo\\\/image\\\/\"}}]}<\/script>\n<!-- \/ Yoast SEO plugin. -->","yoast_head_json":{"title":"Statuten - Historisches Kolleg","robots":{"index":"index","follow":"follow","max-snippet":"max-snippet:-1","max-image-preview":"max-image-preview:large","max-video-preview":"max-video-preview:-1"},"canonical":"https:\/\/www.historischeskolleg.de\/en\/statuten\/","og_locale":"en_US","og_type":"article","og_title":"Statuten - Historisches Kolleg","og_url":"https:\/\/www.historischeskolleg.de\/en\/statuten\/","og_site_name":"Historisches Kolleg","article_modified_time":"2022-03-10T12:56:24+00:00","twitter_card":"summary_large_image","twitter_misc":{"Est. reading time":"3 minutes"},"schema":{"@context":"https:\/\/schema.org","@graph":[{"@type":"WebPage","@id":"https:\/\/www.historischeskolleg.de\/en\/statuten\/","url":"https:\/\/www.historischeskolleg.de\/en\/statuten\/","name":"Statuten - Historisches Kolleg","isPartOf":{"@id":"https:\/\/www.historischeskolleg.de\/en\/#website"},"datePublished":"2021-08-03T12:15:30+00:00","dateModified":"2022-03-10T12:56:24+00:00","breadcrumb":{"@id":"https:\/\/www.historischeskolleg.de\/en\/statuten\/#breadcrumb"},"inLanguage":"en-US","potentialAction":[{"@type":"ReadAction","target":["https:\/\/www.historischeskolleg.de\/en\/statuten\/"]}]},{"@type":"BreadcrumbList","@id":"https:\/\/www.historischeskolleg.de\/en\/statuten\/#breadcrumb","itemListElement":[{"@type":"ListItem","position":1,"name":"Home","item":"https:\/\/www.historischeskolleg.de\/en\/"},{"@type":"ListItem","position":2,"name":"Statuten"}]},{"@type":"WebSite","@id":"https:\/\/www.historischeskolleg.de\/en\/#website","url":"https:\/\/www.historischeskolleg.de\/en\/","name":"Historisches Kolleg","description":"Institute for Advanced Study in History","publisher":{"@id":"https:\/\/www.historischeskolleg.de\/en\/#organization"},"potentialAction":[{"@type":"SearchAction","target":{"@type":"EntryPoint","urlTemplate":"https:\/\/www.historischeskolleg.de\/en\/?s={search_term_string}"},"query-input":{"@type":"PropertyValueSpecification","valueRequired":true,"valueName":"search_term_string"}}],"inLanguage":"en-US"},{"@type":"Organization","@id":"https:\/\/www.historischeskolleg.de\/en\/#organization","name":"Historisches Kolleg","url":"https:\/\/www.historischeskolleg.de\/en\/","logo":{"@type":"ImageObject","inLanguage":"en-US","@id":"https:\/\/www.historischeskolleg.de\/en\/#\/schema\/logo\/image\/","url":"https:\/\/www.historischeskolleg.de\/app\/uploads\/2021\/07\/cropped-HK_Logo_quer_blau_mitZusatz_transparent.png","contentUrl":"https:\/\/www.historischeskolleg.de\/app\/uploads\/2021\/07\/cropped-HK_Logo_quer_blau_mitZusatz_transparent.png","width":1300,"height":296,"caption":"Historisches Kolleg"},"image":{"@id":"https:\/\/www.historischeskolleg.de\/en\/#\/schema\/logo\/image\/"}}]}},"_links":{"self":[{"href":"https:\/\/www.historischeskolleg.de\/en\/wp-json\/wp\/v2\/pages\/1050","targetHints":{"allow":["GET"]}}],"collection":[{"href":"https:\/\/www.historischeskolleg.de\/en\/wp-json\/wp\/v2\/pages"}],"about":[{"href":"https:\/\/www.historischeskolleg.de\/en\/wp-json\/wp\/v2\/types\/page"}],"author":[{"embeddable":true,"href":"https:\/\/www.historischeskolleg.de\/en\/wp-json\/wp\/v2\/users\/1"}],"replies":[{"embeddable":true,"href":"https:\/\/www.historischeskolleg.de\/en\/wp-json\/wp\/v2\/comments?post=1050"}],"version-history":[{"count":25,"href":"https:\/\/www.historischeskolleg.de\/en\/wp-json\/wp\/v2\/pages\/1050\/revisions"}],"predecessor-version":[{"id":3860,"href":"https:\/\/www.historischeskolleg.de\/en\/wp-json\/wp\/v2\/pages\/1050\/revisions\/3860"}],"wp:attachment":[{"href":"https:\/\/www.historischeskolleg.de\/en\/wp-json\/wp\/v2\/media?parent=1050"}],"curies":[{"name":"wp","href":"https:\/\/api.w.org\/{rel}","templated":true}]}}